{"id":746,"date":"2026-04-12T15:43:25","date_gmt":"2026-04-12T15:43:25","guid":{"rendered":"https:\/\/silk-pajamas.com\/22-momme-mulberry-silk-scarf-double-sided-black\/"},"modified":"2026-05-08T03:02:32","modified_gmt":"2026-05-08T03:02:32","slug":"22-momme-mulberry-silk-scarf-double-sided-black","status":"publish","type":"product","link":"https:\/\/silk-pajamas.com\/it\/22-momme-mulberry-silk-scarf-double-sided-black\/","title":{"rendered":"22 Momme Sciarpa in seta di gelso double face nera"},"content":{"rendered":"<p>Questa sciarpa di seta \u00e8 realizzata in seta di gelso 22 momme in tonalit\u00e0 nera. Presenta un doppio lato, una mano liscia e un drappeggio confortevole per gli assortimenti regalo. Il modello \u00e8 adatto alle dimensioni 65x65 cm e si presta a essere indossato in tutte le stagioni, regalato e indossato quotidianamente. Lavare a mano a freddo o con un ciclo delicato.<\/p>","protected":false},"excerpt":{"rendered":"<p>22 Sciarpa di seta Momme Mulberry in nero. Finitura double face, sensazione di termoregolazione e dimensioni 65x65 cm. Ideato per gli assortimenti regalo.<\/p>","protected":false},"featured_media":1985,"template":"","meta":{"_gspb_post_css":""},"product_brand":[],"product_cat":[34],"product_tag":[501,502,495],"class_list":{"0":"post-746","1":"product","2":"type-product","3":"status-publish","4":"has-post-thumbnail","6":"product_cat-silk-scarves","7":"product_tag-22-momme-silk-scarf-black","8":"product_tag-mulberry-silk-scarf-double-sided","9":"product_tag-supplier-silk-scarf-for-gift-assortments","11":"first","12":"instock","13":"featured","14":"shipping-taxable","15":"purchasable","16":"product-type-simple"},"_links":{"self":[{"href":"https:\/\/silk-pajamas.com\/it\/wp-json\/wp\/v2\/product\/746","targetHints":{"allow":["GET"]}}],"collection":[{"href":"https:\/\/silk-pajamas.com\/it\/wp-json\/wp\/v2\/product"}],"about":[{"href":"https:\/\/silk-pajamas.com\/it\/wp-json\/wp\/v2\/types\/product"}],"wp:featuredmedia":[{"embeddable":true,"href":"https:\/\/silk-pajamas.com\/it\/wp-json\/wp\/v2\/media\/1985"}],"wp:attachment":[{"href":"https:\/\/silk-pajamas.com\/it\/wp-json\/wp\/v2\/media?parent=746"}],"wp:term":[{"taxonomy":"product_brand","embeddable":true,"href":"https:\/\/silk-pajamas.com\/it\/wp-json\/wp\/v2\/product_brand?post=746"},{"taxonomy":"product_cat","embeddable":true,"href":"https:\/\/silk-pajamas.com\/it\/wp-json\/wp\/v2\/product_cat?post=746"},{"taxonomy":"product_tag","embeddable":true,"href":"https:\/\/silk-pajamas.com\/it\/wp-json\/wp\/v2\/product_tag?post=746"}],"curies":[{"name":"wp","href":"https:\/\/api.w.org\/{rel}","templated":true}]}}