{"id":753,"date":"2026-04-12T15:43:25","date_gmt":"2026-04-12T15:43:25","guid":{"rendered":"https:\/\/silk-pajamas.com\/19-momme-soft-shine-silk-scarf-double-sided-coffee\/"},"modified":"2026-05-08T03:22:18","modified_gmt":"2026-05-08T03:22:18","slug":"19-momme-soft-shine-silk-scarf-double-sided-coffee","status":"publish","type":"product","link":"https:\/\/silk-pajamas.com\/it\/19-momme-soft-shine-silk-scarf-double-sided-coffee\/","title":{"rendered":"19 Momme Sciarpa di seta soft shine double face Caff\u00e8"},"content":{"rendered":"<p>Questa sciarpa di seta \u00e8 realizzata in seta 19 momme soft shine in tonalit\u00e0 caff\u00e8. Presenta un doppio lato, una mano liscia e un drappeggio confortevole per l'uso in viaggio. Lo stile supporta le misure 53x53 cm e si presta a essere indossato in tutte le stagioni, regalato e indossato quotidianamente. Lavare a mano a freddo o con un ciclo delicato.<\/p>","protected":false},"excerpt":{"rendered":"<p>19 Momme Soft Shine, sciarpa in seta color caff\u00e8. Finitura double face, sensazione di resistenza alle pieghe e dimensioni di 53x53 cm. Progettato per l'uso in viaggio.<\/p>","protected":false},"featured_media":2012,"template":"","meta":{"_gspb_post_css":""},"product_brand":[],"product_cat":[34],"product_tag":[518,520,519],"class_list":{"0":"post-753","1":"product","2":"type-product","3":"status-publish","4":"has-post-thumbnail","6":"product_cat-silk-scarves","7":"product_tag-19-momme-silk-scarf-coffee","8":"product_tag-manufacturer-silk-scarf-for-travel-use","9":"product_tag-soft-shine-silk-scarf-double-sided","11":"first","12":"instock","13":"shipping-taxable","14":"purchasable","15":"product-type-simple"},"_links":{"self":[{"href":"https:\/\/silk-pajamas.com\/it\/wp-json\/wp\/v2\/product\/753","targetHints":{"allow":["GET"]}}],"collection":[{"href":"https:\/\/silk-pajamas.com\/it\/wp-json\/wp\/v2\/product"}],"about":[{"href":"https:\/\/silk-pajamas.com\/it\/wp-json\/wp\/v2\/types\/product"}],"wp:featuredmedia":[{"embeddable":true,"href":"https:\/\/silk-pajamas.com\/it\/wp-json\/wp\/v2\/media\/2012"}],"wp:attachment":[{"href":"https:\/\/silk-pajamas.com\/it\/wp-json\/wp\/v2\/media?parent=753"}],"wp:term":[{"taxonomy":"product_brand","embeddable":true,"href":"https:\/\/silk-pajamas.com\/it\/wp-json\/wp\/v2\/product_brand?post=753"},{"taxonomy":"product_cat","embeddable":true,"href":"https:\/\/silk-pajamas.com\/it\/wp-json\/wp\/v2\/product_cat?post=753"},{"taxonomy":"product_tag","embeddable":true,"href":"https:\/\/silk-pajamas.com\/it\/wp-json\/wp\/v2\/product_tag?post=753"}],"curies":[{"name":"wp","href":"https:\/\/api.w.org\/{rel}","templated":true}]}}