{"id":755,"date":"2026-04-12T15:43:25","date_gmt":"2026-04-12T15:43:25","guid":{"rendered":"https:\/\/silk-pajamas.com\/19-momme-mulberry-silk-scarf-double-sided-pearl\/"},"modified":"2026-05-08T03:30:49","modified_gmt":"2026-05-08T03:30:49","slug":"19-momme-mulberry-silk-scarf-double-sided-pearl","status":"publish","type":"product","link":"https:\/\/silk-pajamas.com\/it\/19-momme-mulberry-silk-scarf-double-sided-pearl\/","title":{"rendered":"19 Momme Sciarpa di seta di gelso a doppia faccia Perla"},"content":{"rendered":"<p>Questa sciarpa di seta \u00e8 realizzata in seta di gelso 19 momme in tonalit\u00e0 perla. Presenta un doppio lato, una mano liscia e un drappeggio confortevole per le donne. Il modello \u00e8 adatto alle misure 65x65 cm e si presta bene per essere indossato in primavera, regalato o indossato quotidianamente. Lavare a mano a freddo o con un ciclo delicato.<\/p>","protected":false},"excerpt":{"rendered":"<p>19 Momme Sciarpa di seta Mulberry in Perla. Finitura double face, sensazione di termoregolazione e dimensioni 65x65 cm. Ideato per le donne.<\/p>","protected":false},"featured_media":2020,"template":"","meta":{"_gspb_post_css":""},"product_brand":[],"product_cat":[34],"product_tag":[524,502,525],"class_list":{"0":"post-755","1":"product","2":"type-product","3":"status-publish","4":"has-post-thumbnail","6":"product_cat-silk-scarves","7":"product_tag-19-momme-silk-scarf-pearl","8":"product_tag-mulberry-silk-scarf-double-sided","9":"product_tag-wholesale-silk-scarf-for-women","11":"first","12":"instock","13":"shipping-taxable","14":"purchasable","15":"product-type-simple"},"_links":{"self":[{"href":"https:\/\/silk-pajamas.com\/it\/wp-json\/wp\/v2\/product\/755","targetHints":{"allow":["GET"]}}],"collection":[{"href":"https:\/\/silk-pajamas.com\/it\/wp-json\/wp\/v2\/product"}],"about":[{"href":"https:\/\/silk-pajamas.com\/it\/wp-json\/wp\/v2\/types\/product"}],"wp:featuredmedia":[{"embeddable":true,"href":"https:\/\/silk-pajamas.com\/it\/wp-json\/wp\/v2\/media\/2020"}],"wp:attachment":[{"href":"https:\/\/silk-pajamas.com\/it\/wp-json\/wp\/v2\/media?parent=755"}],"wp:term":[{"taxonomy":"product_brand","embeddable":true,"href":"https:\/\/silk-pajamas.com\/it\/wp-json\/wp\/v2\/product_brand?post=755"},{"taxonomy":"product_cat","embeddable":true,"href":"https:\/\/silk-pajamas.com\/it\/wp-json\/wp\/v2\/product_cat?post=755"},{"taxonomy":"product_tag","embeddable":true,"href":"https:\/\/silk-pajamas.com\/it\/wp-json\/wp\/v2\/product_tag?post=755"}],"curies":[{"name":"wp","href":"https:\/\/api.w.org\/{rel}","templated":true}]}}