{"id":768,"date":"2026-04-12T15:43:26","date_gmt":"2026-04-12T15:43:26","guid":{"rendered":"https:\/\/silk-pajamas.com\/25-momme-double-layer-mulberry-silk-scrunchie-7cm-emerald\/"},"modified":"2026-05-08T02:51:59","modified_gmt":"2026-05-08T02:51:59","slug":"25-momme-double-layer-mulberry-silk-scrunchie-7cm-emerald","status":"publish","type":"product","link":"https:\/\/silk-pajamas.com\/it\/25-momme-double-layer-mulberry-silk-scrunchie-7cm-emerald\/","title":{"rendered":"25 Momme Scrunchie di seta di gelso a doppio strato 7 cm Emerald"},"content":{"rendered":"<p>Questo scrunchie per capelli \u00e8 realizzato in seta a doppio strato da 25 momme in tonalit\u00e0 smeraldo. \u00c8 privo di cuciture, ha una mano liscia e un drappeggio confortevole per la cura dei capelli lunghi. Il modello supporta misure di 7 cm e si adatta bene all'abbigliamento primaverile, ai regali e al comfort quotidiano. Lavare a mano a freddo e stendere.<\/p>","protected":false},"excerpt":{"rendered":"<p>25 Momme Double Layer silk hair scrunchie in Emerald. Finitura senza cuciture, sensazione di morbidezza e dimensioni di 7 cm. Ideato per la cura dei capelli lunghi.<\/p>","protected":false},"featured_media":1958,"template":"","meta":{"_gspb_post_css":""},"product_brand":[],"product_cat":[36],"product_tag":[547,548,549],"class_list":{"0":"post-768","1":"product","2":"type-product","3":"status-publish","4":"has-post-thumbnail","6":"product_cat-silk-scrunchies","7":"product_tag-25-momme-silk-scrunchie-emerald","8":"product_tag-double-layer-silk-scrunchie-seamless","9":"product_tag-factory-silk-scrunchie-for-long-hair-care","11":"first","12":"instock","13":"shipping-taxable","14":"purchasable","15":"product-type-simple"},"_links":{"self":[{"href":"https:\/\/silk-pajamas.com\/it\/wp-json\/wp\/v2\/product\/768","targetHints":{"allow":["GET"]}}],"collection":[{"href":"https:\/\/silk-pajamas.com\/it\/wp-json\/wp\/v2\/product"}],"about":[{"href":"https:\/\/silk-pajamas.com\/it\/wp-json\/wp\/v2\/types\/product"}],"wp:featuredmedia":[{"embeddable":true,"href":"https:\/\/silk-pajamas.com\/it\/wp-json\/wp\/v2\/media\/1958"}],"wp:attachment":[{"href":"https:\/\/silk-pajamas.com\/it\/wp-json\/wp\/v2\/media?parent=768"}],"wp:term":[{"taxonomy":"product_brand","embeddable":true,"href":"https:\/\/silk-pajamas.com\/it\/wp-json\/wp\/v2\/product_brand?post=768"},{"taxonomy":"product_cat","embeddable":true,"href":"https:\/\/silk-pajamas.com\/it\/wp-json\/wp\/v2\/product_cat?post=768"},{"taxonomy":"product_tag","embeddable":true,"href":"https:\/\/silk-pajamas.com\/it\/wp-json\/wp\/v2\/product_tag?post=768"}],"curies":[{"name":"wp","href":"https:\/\/api.w.org\/{rel}","templated":true}]}}