{"id":770,"date":"2026-04-12T15:43:26","date_gmt":"2026-04-12T15:43:26","guid":{"rendered":"https:\/\/silk-pajamas.com\/22-momme-double-layer-mulberry-silk-scrunchie-one-size-blush\/"},"modified":"2026-05-08T02:57:02","modified_gmt":"2026-05-08T02:57:02","slug":"22-momme-double-layer-mulberry-silk-scrunchie-one-size-blush","status":"publish","type":"product","link":"https:\/\/silk-pajamas.com\/it\/22-momme-double-layer-mulberry-silk-scrunchie-one-size-blush\/","title":{"rendered":"22 Momme Scrunchie di seta di gelso a doppio strato Taglia unica Blush"},"content":{"rendered":"<p>Questo scrunchie per capelli \u00e8 realizzato in seta 22 momme a doppio strato in tonalit\u00e0 blush. \u00c8 caratterizzato da una dimensione oversize, una mano liscia e un drappeggio confortevole per le donne. Il modello supporta le taglie One Size e si adatta bene all'abbigliamento primaverile, ai regali e al comfort quotidiano. Lavare a mano a freddo e stendere.<\/p>","protected":false},"excerpt":{"rendered":"<p>22 Momme Double Layer silk hair scrunchie in Blush. Finitura oversize, sensazione di traspirazione e taglia unica. Progettato per le donne.<\/p>","protected":false},"featured_media":1975,"template":"","meta":{"_gspb_post_css":""},"product_brand":[],"product_cat":[36],"product_tag":[553,554,555],"class_list":{"0":"post-770","1":"product","2":"type-product","3":"status-publish","4":"has-post-thumbnail","6":"product_cat-silk-scrunchies","7":"product_tag-22-momme-silk-scrunchie-blush","8":"product_tag-double-layer-silk-scrunchie-oversized","9":"product_tag-vendor-silk-scrunchie-for-women","11":"first","12":"instock","13":"shipping-taxable","14":"purchasable","15":"product-type-simple"},"_links":{"self":[{"href":"https:\/\/silk-pajamas.com\/it\/wp-json\/wp\/v2\/product\/770","targetHints":{"allow":["GET"]}}],"collection":[{"href":"https:\/\/silk-pajamas.com\/it\/wp-json\/wp\/v2\/product"}],"about":[{"href":"https:\/\/silk-pajamas.com\/it\/wp-json\/wp\/v2\/types\/product"}],"wp:featuredmedia":[{"embeddable":true,"href":"https:\/\/silk-pajamas.com\/it\/wp-json\/wp\/v2\/media\/1975"}],"wp:attachment":[{"href":"https:\/\/silk-pajamas.com\/it\/wp-json\/wp\/v2\/media?parent=770"}],"wp:term":[{"taxonomy":"product_brand","embeddable":true,"href":"https:\/\/silk-pajamas.com\/it\/wp-json\/wp\/v2\/product_brand?post=770"},{"taxonomy":"product_cat","embeddable":true,"href":"https:\/\/silk-pajamas.com\/it\/wp-json\/wp\/v2\/product_cat?post=770"},{"taxonomy":"product_tag","embeddable":true,"href":"https:\/\/silk-pajamas.com\/it\/wp-json\/wp\/v2\/product_tag?post=770"}],"curies":[{"name":"wp","href":"https:\/\/api.w.org\/{rel}","templated":true}]}}