{"id":781,"date":"2026-04-12T15:43:28","date_gmt":"2026-04-12T15:43:28","guid":{"rendered":"https:\/\/silk-pajamas.com\/22-momme-mulberry-silk-scrunchie-skinny-black-manufacturer\/"},"modified":"2026-05-06T07:39:39","modified_gmt":"2026-05-06T07:39:39","slug":"22-momme-mulberry-silk-scrunchie-skinny-black-manufacturer","status":"publish","type":"product","link":"https:\/\/silk-pajamas.com\/it\/22-momme-mulberry-silk-scrunchie-skinny-black-manufacturer\/","title":{"rendered":"22 Momme Mulberry Silk Scrunchie Skinny Black Produttore"},"content":{"rendered":"<p>Questo scrunchie per capelli \u00e8 realizzato in seta di gelso 22 momme in tonalit\u00e0 nera. \u00c8 caratterizzato da una mano morbida e da un drappeggio confortevole per le adolescenti. Il modello supporta taglie di 5 cm e si adatta bene all'abbigliamento primaverile, ai regali e al comfort quotidiano. Lavare a mano a freddo e stendere.<\/p>","protected":false},"excerpt":{"rendered":"<p>22 Momme Mulberry, capelli di seta in nero. Finitura skinny, sensazione di morbidezza al tatto e dimensioni di 5 cm. Ideato per le adolescenti.<\/p>","protected":false},"featured_media":1847,"template":"","meta":{"_gspb_post_css":""},"product_brand":[],"product_cat":[36],"product_tag":[574,576,575],"class_list":{"0":"post-781","1":"product","2":"type-product","3":"status-publish","4":"has-post-thumbnail","6":"product_cat-silk-scrunchies","7":"product_tag-22-momme-silk-scrunchie-black","8":"product_tag-factory-silk-scrunchie-for-teens","9":"product_tag-mulberry-silk-scrunchie-skinny","11":"first","12":"instock","13":"shipping-taxable","14":"purchasable","15":"product-type-simple"},"_links":{"self":[{"href":"https:\/\/silk-pajamas.com\/it\/wp-json\/wp\/v2\/product\/781","targetHints":{"allow":["GET"]}}],"collection":[{"href":"https:\/\/silk-pajamas.com\/it\/wp-json\/wp\/v2\/product"}],"about":[{"href":"https:\/\/silk-pajamas.com\/it\/wp-json\/wp\/v2\/types\/product"}],"wp:featuredmedia":[{"embeddable":true,"href":"https:\/\/silk-pajamas.com\/it\/wp-json\/wp\/v2\/media\/1847"}],"wp:attachment":[{"href":"https:\/\/silk-pajamas.com\/it\/wp-json\/wp\/v2\/media?parent=781"}],"wp:term":[{"taxonomy":"product_brand","embeddable":true,"href":"https:\/\/silk-pajamas.com\/it\/wp-json\/wp\/v2\/product_brand?post=781"},{"taxonomy":"product_cat","embeddable":true,"href":"https:\/\/silk-pajamas.com\/it\/wp-json\/wp\/v2\/product_cat?post=781"},{"taxonomy":"product_tag","embeddable":true,"href":"https:\/\/silk-pajamas.com\/it\/wp-json\/wp\/v2\/product_tag?post=781"}],"curies":[{"name":"wp","href":"https:\/\/api.w.org\/{rel}","templated":true}]}}