{"id":788,"date":"2026-04-12T15:43:28","date_gmt":"2026-04-12T15:43:28","guid":{"rendered":"https:\/\/silk-pajamas.com\/19-momme-charmeuse-mulberry-silk-scrunchie-ruffled-leopard\/"},"modified":"2026-05-06T08:01:03","modified_gmt":"2026-05-06T08:01:03","slug":"19-momme-charmeuse-mulberry-silk-scrunchie-ruffled-leopard","status":"publish","type":"product","link":"https:\/\/silk-pajamas.com\/it\/19-momme-charmeuse-mulberry-silk-scrunchie-ruffled-leopard\/","title":{"rendered":"19 Momme Charmeuse Mulberry Silk Scrunchie Arruffato Leopardo"},"content":{"rendered":"<p>Questo scrunchie per capelli \u00e8 realizzato in seta charme 19 momme in tonalit\u00e0 leopardo. \u00c8 caratterizzato da un'arricciatura, una mano liscia e un drappeggio confortevole per le adolescenti. Il modello supporta le taglie One Size e si adatta bene all'abbigliamento primaverile, ai regali e al comfort quotidiano. Lavare a mano a freddo e stendere.<\/p>","protected":false},"excerpt":{"rendered":"<p>19 Scrunchie per capelli in seta Charmeuse di Momme in color leopardo. Finitura arricciata, sensazione di leggerezza e taglia unica. Ideato per le adolescenti.<\/p>","protected":false},"featured_media":1878,"template":"","meta":{"_gspb_post_css":""},"product_brand":[],"product_cat":[36],"product_tag":[586,587,566],"class_list":{"0":"post-788","1":"product","2":"type-product","3":"status-publish","4":"has-post-thumbnail","6":"product_cat-silk-scrunchies","7":"product_tag-19-momme-silk-scrunchie-leopard","8":"product_tag-charmeuse-silk-scrunchie-ruffled","9":"product_tag-supplier-silk-scrunchie-for-teens","11":"first","12":"instock","13":"shipping-taxable","14":"purchasable","15":"product-type-simple"},"_links":{"self":[{"href":"https:\/\/silk-pajamas.com\/it\/wp-json\/wp\/v2\/product\/788","targetHints":{"allow":["GET"]}}],"collection":[{"href":"https:\/\/silk-pajamas.com\/it\/wp-json\/wp\/v2\/product"}],"about":[{"href":"https:\/\/silk-pajamas.com\/it\/wp-json\/wp\/v2\/types\/product"}],"wp:featuredmedia":[{"embeddable":true,"href":"https:\/\/silk-pajamas.com\/it\/wp-json\/wp\/v2\/media\/1878"}],"wp:attachment":[{"href":"https:\/\/silk-pajamas.com\/it\/wp-json\/wp\/v2\/media?parent=788"}],"wp:term":[{"taxonomy":"product_brand","embeddable":true,"href":"https:\/\/silk-pajamas.com\/it\/wp-json\/wp\/v2\/product_brand?post=788"},{"taxonomy":"product_cat","embeddable":true,"href":"https:\/\/silk-pajamas.com\/it\/wp-json\/wp\/v2\/product_cat?post=788"},{"taxonomy":"product_tag","embeddable":true,"href":"https:\/\/silk-pajamas.com\/it\/wp-json\/wp\/v2\/product_tag?post=788"}],"curies":[{"name":"wp","href":"https:\/\/api.w.org\/{rel}","templated":true}]}}