{"id":790,"date":"2026-04-12T15:43:28","date_gmt":"2026-04-12T15:43:28","guid":{"rendered":"https:\/\/silk-pajamas.com\/19-momme-crepe-silk-cami-top-adjustable-strap-navy\/"},"modified":"2026-05-06T08:07:00","modified_gmt":"2026-05-06T08:07:00","slug":"19-momme-crepe-silk-cami-top-adjustable-strap-navy","status":"publish","type":"product","link":"https:\/\/silk-pajamas.com\/it\/19-momme-crepe-silk-cami-top-adjustable-strap-navy\/","title":{"rendered":"19 Momme Crepe Silk Cami Top con cinturino regolabile Navy"},"content":{"rendered":"<p>Questo top cami \u00e8 realizzato in seta crepe 19 momme in tonalit\u00e0 navy. Presenta un cinturino regolabile, una mano liscia e un drappeggio confortevole per le donne. Il modello \u00e8 adatto alle taglie XS, S, M, L, XL ed \u00e8 ideale per l'abbigliamento estivo, per i regali e per il comfort quotidiano. Lavare a mano a freddo o con un ciclo delicato.<\/p>","protected":false},"excerpt":{"rendered":"<p>19 Momme Cami top in seta crepe nel colore navy. Finitura con cinturino regolabile, sensazione di morbidezza al tatto e taglia XS, S, M, L, XL. Ideato per le donne.<\/p>","protected":false},"featured_media":1888,"template":"","meta":{"_gspb_post_css":""},"product_brand":[],"product_cat":[30],"product_tag":[591,589,592],"class_list":{"0":"post-790","1":"product","2":"type-product","3":"status-publish","4":"has-post-thumbnail","6":"product_cat-silk-cami-tank-top","7":"product_tag-19-momme-silk-cami-top-navy","8":"product_tag-crepe-silk-cami-top-adjustable-strap","9":"product_tag-vendor-silk-cami-top-for-women","11":"first","12":"instock","13":"shipping-taxable","14":"purchasable","15":"product-type-simple"},"_links":{"self":[{"href":"https:\/\/silk-pajamas.com\/it\/wp-json\/wp\/v2\/product\/790","targetHints":{"allow":["GET"]}}],"collection":[{"href":"https:\/\/silk-pajamas.com\/it\/wp-json\/wp\/v2\/product"}],"about":[{"href":"https:\/\/silk-pajamas.com\/it\/wp-json\/wp\/v2\/types\/product"}],"wp:featuredmedia":[{"embeddable":true,"href":"https:\/\/silk-pajamas.com\/it\/wp-json\/wp\/v2\/media\/1888"}],"wp:attachment":[{"href":"https:\/\/silk-pajamas.com\/it\/wp-json\/wp\/v2\/media?parent=790"}],"wp:term":[{"taxonomy":"product_brand","embeddable":true,"href":"https:\/\/silk-pajamas.com\/it\/wp-json\/wp\/v2\/product_brand?post=790"},{"taxonomy":"product_cat","embeddable":true,"href":"https:\/\/silk-pajamas.com\/it\/wp-json\/wp\/v2\/product_cat?post=790"},{"taxonomy":"product_tag","embeddable":true,"href":"https:\/\/silk-pajamas.com\/it\/wp-json\/wp\/v2\/product_tag?post=790"}],"curies":[{"name":"wp","href":"https:\/\/api.w.org\/{rel}","templated":true}]}}