{"id":795,"date":"2026-04-12T15:43:29","date_gmt":"2026-04-12T15:43:29","guid":{"rendered":"https:\/\/silk-pajamas.com\/16-momme-crepe-silk-cami-top-bias-cut-coffee-vendor\/"},"modified":"2026-05-06T07:15:07","modified_gmt":"2026-05-06T07:15:07","slug":"16-momme-crepe-silk-cami-top-bias-cut-coffee-vendor","status":"publish","type":"product","link":"https:\/\/silk-pajamas.com\/it\/16-momme-crepe-silk-cami-top-bias-cut-coffee-vendor\/","title":{"rendered":"16 Momme Crepe Silk Cami Top Bias Cut Coffee Vendor"},"content":{"rendered":"<p>Questo top cami \u00e8 realizzato in seta crepe 16 momme in tonalit\u00e0 caff\u00e8. Presenta un taglio sbieco, una mano morbida e un drappeggio confortevole per i look a strati. Il modello \u00e8 adatto alle taglie XS, S, M, L, XL e funziona bene per l'abbigliamento autunnale, per i regali e per il comfort quotidiano. Lavare a mano a freddo o con un ciclo delicato.<\/p>","protected":false},"excerpt":{"rendered":"<p>16 Cami top Momme Crepe in seta color caff\u00e8. Finitura Bias Cut, sensazione di termoregolazione e gamma di taglie XS, S, M, L, XL. Ideato per i look a strati.<\/p>","protected":false},"featured_media":1830,"template":"","meta":{"_gspb_post_css":""},"product_brand":[],"product_cat":[30],"product_tag":[605,606,607],"class_list":{"0":"post-795","1":"product","2":"type-product","3":"status-publish","4":"has-post-thumbnail","6":"product_cat-silk-cami-tank-top","7":"product_tag-16-momme-silk-cami-top-coffee","8":"product_tag-crepe-silk-cami-top-bias-cut","9":"product_tag-wholesale-silk-cami-top-for-layering-looks","11":"first","12":"instock","13":"shipping-taxable","14":"purchasable","15":"product-type-simple"},"_links":{"self":[{"href":"https:\/\/silk-pajamas.com\/it\/wp-json\/wp\/v2\/product\/795","targetHints":{"allow":["GET"]}}],"collection":[{"href":"https:\/\/silk-pajamas.com\/it\/wp-json\/wp\/v2\/product"}],"about":[{"href":"https:\/\/silk-pajamas.com\/it\/wp-json\/wp\/v2\/types\/product"}],"wp:featuredmedia":[{"embeddable":true,"href":"https:\/\/silk-pajamas.com\/it\/wp-json\/wp\/v2\/media\/1830"}],"wp:attachment":[{"href":"https:\/\/silk-pajamas.com\/it\/wp-json\/wp\/v2\/media?parent=795"}],"wp:term":[{"taxonomy":"product_brand","embeddable":true,"href":"https:\/\/silk-pajamas.com\/it\/wp-json\/wp\/v2\/product_brand?post=795"},{"taxonomy":"product_cat","embeddable":true,"href":"https:\/\/silk-pajamas.com\/it\/wp-json\/wp\/v2\/product_cat?post=795"},{"taxonomy":"product_tag","embeddable":true,"href":"https:\/\/silk-pajamas.com\/it\/wp-json\/wp\/v2\/product_tag?post=795"}],"curies":[{"name":"wp","href":"https:\/\/api.w.org\/{rel}","templated":true}]}}