{"id":816,"date":"2026-04-12T15:43:31","date_gmt":"2026-04-12T15:43:31","guid":{"rendered":"https:\/\/silk-pajamas.com\/19-momme-charmeuse-mulberry-silk-dress-midi-silver\/"},"modified":"2026-05-06T03:30:16","modified_gmt":"2026-05-06T03:30:16","slug":"19-momme-charmeuse-mulberry-silk-dress-midi-silver","status":"publish","type":"product","link":"https:\/\/silk-pajamas.com\/it\/19-momme-charmeuse-mulberry-silk-dress-midi-silver\/","title":{"rendered":"19 Momme Charmeuse Mulberry Silk Dress Midi Silver"},"content":{"rendered":"<p>Questo abito in seta \u00e8 realizzato in seta charmeuse 19 momme in tonalit\u00e0 argento. \u00c8 caratterizzato da una vestibilit\u00e0 midi, una mano morbida e un drappeggio confortevole per le donne. Il modello \u00e8 adatto alle taglie S, M, L, XL, XXL e si presta bene all'abbigliamento estivo, ai regali e al comfort quotidiano. Lavare a mano a freddo o con un ciclo delicato.<\/p>","protected":false},"excerpt":{"rendered":"<p>19 Abito in seta Charmeuse di Momme in argento. Finitura midi, sensazione di drappeggio morbido e gamma di taglie S, M, L, XL, XXL. Ideato per le donne.<\/p>","protected":false},"featured_media":1743,"template":"","meta":{"_gspb_post_css":""},"product_brand":[],"product_cat":[29],"product_tag":[652,653,654],"class_list":{"0":"post-816","1":"product","2":"type-product","3":"status-publish","4":"has-post-thumbnail","6":"product_cat-silk-dresses","7":"product_tag-19-momme-silk-dress-silver","8":"product_tag-charmeuse-silk-dress-midi","9":"product_tag-supplier-silk-dress-for-women","11":"first","12":"instock","13":"shipping-taxable","14":"purchasable","15":"product-type-simple"},"_links":{"self":[{"href":"https:\/\/silk-pajamas.com\/it\/wp-json\/wp\/v2\/product\/816","targetHints":{"allow":["GET"]}}],"collection":[{"href":"https:\/\/silk-pajamas.com\/it\/wp-json\/wp\/v2\/product"}],"about":[{"href":"https:\/\/silk-pajamas.com\/it\/wp-json\/wp\/v2\/types\/product"}],"wp:featuredmedia":[{"embeddable":true,"href":"https:\/\/silk-pajamas.com\/it\/wp-json\/wp\/v2\/media\/1743"}],"wp:attachment":[{"href":"https:\/\/silk-pajamas.com\/it\/wp-json\/wp\/v2\/media?parent=816"}],"wp:term":[{"taxonomy":"product_brand","embeddable":true,"href":"https:\/\/silk-pajamas.com\/it\/wp-json\/wp\/v2\/product_brand?post=816"},{"taxonomy":"product_cat","embeddable":true,"href":"https:\/\/silk-pajamas.com\/it\/wp-json\/wp\/v2\/product_cat?post=816"},{"taxonomy":"product_tag","embeddable":true,"href":"https:\/\/silk-pajamas.com\/it\/wp-json\/wp\/v2\/product_tag?post=816"}],"curies":[{"name":"wp","href":"https:\/\/api.w.org\/{rel}","templated":true}]}}