{"id":823,"date":"2026-04-12T15:43:31","date_gmt":"2026-04-12T15:43:31","guid":{"rendered":"https:\/\/silk-pajamas.com\/22-momme-sandwashed-mulberry-silk-dress-maxi-champagne\/"},"modified":"2026-05-06T03:57:00","modified_gmt":"2026-05-06T03:57:00","slug":"22-momme-sandwashed-mulberry-silk-dress-maxi-champagne","status":"publish","type":"product","link":"https:\/\/silk-pajamas.com\/it\/22-momme-sandwashed-mulberry-silk-dress-maxi-champagne\/","title":{"rendered":"22 Momme Sandwashed Mulberry Silk Dress Maxi Champagne"},"content":{"rendered":"<p>Questo abito in seta \u00e8 realizzato in seta 22 momme sandwashed in tonalit\u00e0 champagne. \u00c8 maxi, ha una mano liscia e un drappeggio confortevole per vestire le occasioni. Questo modello \u00e8 adatto alle taglie XL, XXL, 3XL e 4XL e si presta bene per essere indossato in primavera, regalato e indossato quotidianamente. Lavare a mano a freddo o con un ciclo delicato.<\/p>","protected":false},"excerpt":{"rendered":"<p>22 Abito in seta Momme Sandwashed in Champagne. Finitura maxi, sensazione di morbidezza al tatto e gamma di taglie XL, XXL, 3XL, 4XL. Pensato per le occasioni.<\/p>","protected":false},"featured_media":1775,"template":"","meta":{"_gspb_post_css":""},"product_brand":[],"product_cat":[29],"product_tag":[663,667,671],"class_list":{"0":"post-823","1":"product","2":"type-product","3":"status-publish","4":"has-post-thumbnail","6":"product_cat-silk-dresses","7":"product_tag-22-momme-silk-dress-champagne","8":"product_tag-sandwashed-silk-dress-maxi","9":"product_tag-wholesale-silk-dress-for-occasion-dressing","11":"first","12":"instock","13":"featured","14":"shipping-taxable","15":"purchasable","16":"product-type-simple"},"_links":{"self":[{"href":"https:\/\/silk-pajamas.com\/it\/wp-json\/wp\/v2\/product\/823","targetHints":{"allow":["GET"]}}],"collection":[{"href":"https:\/\/silk-pajamas.com\/it\/wp-json\/wp\/v2\/product"}],"about":[{"href":"https:\/\/silk-pajamas.com\/it\/wp-json\/wp\/v2\/types\/product"}],"wp:featuredmedia":[{"embeddable":true,"href":"https:\/\/silk-pajamas.com\/it\/wp-json\/wp\/v2\/media\/1775"}],"wp:attachment":[{"href":"https:\/\/silk-pajamas.com\/it\/wp-json\/wp\/v2\/media?parent=823"}],"wp:term":[{"taxonomy":"product_brand","embeddable":true,"href":"https:\/\/silk-pajamas.com\/it\/wp-json\/wp\/v2\/product_brand?post=823"},{"taxonomy":"product_cat","embeddable":true,"href":"https:\/\/silk-pajamas.com\/it\/wp-json\/wp\/v2\/product_cat?post=823"},{"taxonomy":"product_tag","embeddable":true,"href":"https:\/\/silk-pajamas.com\/it\/wp-json\/wp\/v2\/product_tag?post=823"}],"curies":[{"name":"wp","href":"https:\/\/api.w.org\/{rel}","templated":true}]}}