{"id":831,"date":"2026-04-12T15:43:32","date_gmt":"2026-04-12T15:43:32","guid":{"rendered":"https:\/\/silk-pajamas.com\/25-momme-sandwashed-mulberry-silk-dress-backless-silver\/"},"modified":"2026-04-20T03:36:54","modified_gmt":"2026-04-20T03:36:54","slug":"25-momme-sandwashed-mulberry-silk-dress-backless-silver","status":"publish","type":"product","link":"https:\/\/silk-pajamas.com\/it\/25-momme-sandwashed-mulberry-silk-dress-backless-silver\/","title":{"rendered":"25 Momme Sandwashed Mulberry Silk Dress Backless Silver"},"content":{"rendered":"<p>Questo abito in seta \u00e8 realizzato in seta 25 momme sandwashed in tonalit\u00e0 argento. \u00c8 privo di schienale, ha una mano morbida e un drappeggio confortevole per le donne. Lo stile supporta le taglie Custom e funziona bene per tutte le stagioni, per i regali e per il comfort quotidiano. Lavare a mano a freddo o con un ciclo delicato.<\/p>","protected":false},"excerpt":{"rendered":"<p>25 Abito in seta Momme Sandwashed in argento. Finitura senza schienale, sensazione di traspirazione e gamma di taglie personalizzate. Progettato per le donne.<\/p>","protected":false},"featured_media":1711,"template":"","meta":{"_gspb_post_css":""},"product_brand":[],"product_cat":[29],"product_tag":[685,664,654],"class_list":{"0":"post-831","1":"product","2":"type-product","3":"status-publish","4":"has-post-thumbnail","6":"product_cat-silk-dresses","7":"product_tag-25-momme-silk-dress-silver","8":"product_tag-sandwashed-silk-dress-backless","9":"product_tag-supplier-silk-dress-for-women","11":"first","12":"instock","13":"shipping-taxable","14":"purchasable","15":"product-type-simple"},"_links":{"self":[{"href":"https:\/\/silk-pajamas.com\/it\/wp-json\/wp\/v2\/product\/831","targetHints":{"allow":["GET"]}}],"collection":[{"href":"https:\/\/silk-pajamas.com\/it\/wp-json\/wp\/v2\/product"}],"about":[{"href":"https:\/\/silk-pajamas.com\/it\/wp-json\/wp\/v2\/types\/product"}],"wp:featuredmedia":[{"embeddable":true,"href":"https:\/\/silk-pajamas.com\/it\/wp-json\/wp\/v2\/media\/1711"}],"wp:attachment":[{"href":"https:\/\/silk-pajamas.com\/it\/wp-json\/wp\/v2\/media?parent=831"}],"wp:term":[{"taxonomy":"product_brand","embeddable":true,"href":"https:\/\/silk-pajamas.com\/it\/wp-json\/wp\/v2\/product_brand?post=831"},{"taxonomy":"product_cat","embeddable":true,"href":"https:\/\/silk-pajamas.com\/it\/wp-json\/wp\/v2\/product_cat?post=831"},{"taxonomy":"product_tag","embeddable":true,"href":"https:\/\/silk-pajamas.com\/it\/wp-json\/wp\/v2\/product_tag?post=831"}],"curies":[{"name":"wp","href":"https:\/\/api.w.org\/{rel}","templated":true}]}}