{"id":839,"date":"2026-04-12T15:43:33","date_gmt":"2026-04-12T15:43:33","guid":{"rendered":"https:\/\/silk-pajamas.com\/19-momme-mulberry-silk-outerwear-bomber-sage\/"},"modified":"2026-04-20T02:47:53","modified_gmt":"2026-04-20T02:47:53","slug":"19-momme-mulberry-silk-outerwear-bomber-sage","status":"publish","type":"product","link":"https:\/\/silk-pajamas.com\/it\/19-momme-mulberry-silk-outerwear-bomber-sage\/","title":{"rendered":"19 Momme Capispalla in seta di gelso Bomber Sage"},"content":{"rendered":"<p>Questo leggero strato esterno \u00e8 realizzato in seta di gelso 19 momme in tonalit\u00e0 salvia. \u00c8 caratterizzato da un taglio bomber, una mano liscia e un drappeggio confortevole per le donne. Il modello \u00e8 adatto alle taglie M, L, XL e XXL e si presta bene per l'abbigliamento estivo, per i regali e per il comfort quotidiano. Lavare a mano a freddo o con un ciclo delicato.<\/p>","protected":false},"excerpt":{"rendered":"<p>19 strato esterno leggero in seta Momme Mulberry in color salvia. Finitura bomber, sensazione di traspirazione e gamma di taglie M, L, XL, XXL. Ideato per le donne.<\/p>","protected":false},"featured_media":1681,"template":"","meta":{"_gspb_post_css":""},"product_brand":[],"product_cat":[33],"product_tag":[701,702,696],"class_list":{"0":"post-839","1":"product","2":"type-product","3":"status-publish","4":"has-post-thumbnail","6":"product_cat-silk-outerwears","7":"product_tag-19-momme-silk-outerwear-sage","8":"product_tag-mulberry-silk-outerwear-bomber","9":"product_tag-vendor-silk-outerwear-for-women","11":"first","12":"instock","13":"featured","14":"shipping-taxable","15":"purchasable","16":"product-type-simple"},"_links":{"self":[{"href":"https:\/\/silk-pajamas.com\/it\/wp-json\/wp\/v2\/product\/839","targetHints":{"allow":["GET"]}}],"collection":[{"href":"https:\/\/silk-pajamas.com\/it\/wp-json\/wp\/v2\/product"}],"about":[{"href":"https:\/\/silk-pajamas.com\/it\/wp-json\/wp\/v2\/types\/product"}],"wp:featuredmedia":[{"embeddable":true,"href":"https:\/\/silk-pajamas.com\/it\/wp-json\/wp\/v2\/media\/1681"}],"wp:attachment":[{"href":"https:\/\/silk-pajamas.com\/it\/wp-json\/wp\/v2\/media?parent=839"}],"wp:term":[{"taxonomy":"product_brand","embeddable":true,"href":"https:\/\/silk-pajamas.com\/it\/wp-json\/wp\/v2\/product_brand?post=839"},{"taxonomy":"product_cat","embeddable":true,"href":"https:\/\/silk-pajamas.com\/it\/wp-json\/wp\/v2\/product_cat?post=839"},{"taxonomy":"product_tag","embeddable":true,"href":"https:\/\/silk-pajamas.com\/it\/wp-json\/wp\/v2\/product_tag?post=839"}],"curies":[{"name":"wp","href":"https:\/\/api.w.org\/{rel}","templated":true}]}}