{"id":845,"date":"2026-04-12T15:43:34","date_gmt":"2026-04-12T15:43:34","guid":{"rendered":"https:\/\/silk-pajamas.com\/25-momme-charmeuse-silk-jacket-bomber-coffee\/"},"modified":"2026-04-19T07:51:29","modified_gmt":"2026-04-19T07:51:29","slug":"25-momme-charmeuse-silk-jacket-bomber-coffee","status":"publish","type":"product","link":"https:\/\/silk-pajamas.com\/it\/25-momme-charmeuse-silk-jacket-bomber-coffee\/","title":{"rendered":"25 Momme Charmeuse Giacca di seta Bomber Caff\u00e8"},"content":{"rendered":"<p>Questo leggero strato esterno \u00e8 realizzato in seta charmeuse 25 momme in tonalit\u00e0 caff\u00e8. \u00c8 caratterizzato da un bomber, una mano liscia e un drappeggio confortevole per un abbigliamento da resort. Il modello \u00e8 adatto alle taglie M, L, XL e XXL ed \u00e8 ideale per la primavera, per i regali e per il comfort quotidiano. Lavare a mano a freddo o con un ciclo delicato.<\/p>","protected":false},"excerpt":{"rendered":"<p>25 Strato esterno leggero in seta Charmeuse di Momme nel colore caff\u00e8. Finitura bomber, sensazione di leggerezza e gamma di taglie M, L, XL, XXL. Pensato per il look da resort.<\/p>","protected":false},"featured_media":1617,"template":"","meta":{"_gspb_post_css":""},"product_brand":[],"product_cat":[33],"product_tag":[717,718,719],"class_list":{"0":"post-845","1":"product","2":"type-product","3":"status-publish","4":"has-post-thumbnail","6":"product_cat-silk-outerwears","7":"product_tag-25-momme-silk-outerwear-coffee","8":"product_tag-charmeuse-silk-outerwear-bomber","9":"product_tag-wholesale-silk-outerwear-for-resort-dressing","11":"first","12":"instock","13":"shipping-taxable","14":"purchasable","15":"product-type-simple"},"_links":{"self":[{"href":"https:\/\/silk-pajamas.com\/it\/wp-json\/wp\/v2\/product\/845","targetHints":{"allow":["GET"]}}],"collection":[{"href":"https:\/\/silk-pajamas.com\/it\/wp-json\/wp\/v2\/product"}],"about":[{"href":"https:\/\/silk-pajamas.com\/it\/wp-json\/wp\/v2\/types\/product"}],"wp:featuredmedia":[{"embeddable":true,"href":"https:\/\/silk-pajamas.com\/it\/wp-json\/wp\/v2\/media\/1617"}],"wp:attachment":[{"href":"https:\/\/silk-pajamas.com\/it\/wp-json\/wp\/v2\/media?parent=845"}],"wp:term":[{"taxonomy":"product_brand","embeddable":true,"href":"https:\/\/silk-pajamas.com\/it\/wp-json\/wp\/v2\/product_brand?post=845"},{"taxonomy":"product_cat","embeddable":true,"href":"https:\/\/silk-pajamas.com\/it\/wp-json\/wp\/v2\/product_cat?post=845"},{"taxonomy":"product_tag","embeddable":true,"href":"https:\/\/silk-pajamas.com\/it\/wp-json\/wp\/v2\/product_tag?post=845"}],"curies":[{"name":"wp","href":"https:\/\/api.w.org\/{rel}","templated":true}]}}