{"id":855,"date":"2026-04-12T15:43:34","date_gmt":"2026-04-12T15:43:34","guid":{"rendered":"https:\/\/silk-pajamas.com\/16-momme-charmeuse-silk-jacket-open-front-wine\/"},"modified":"2026-04-20T02:32:11","modified_gmt":"2026-04-20T02:32:11","slug":"16-momme-charmeuse-silk-jacket-open-front-wine","status":"publish","type":"product","link":"https:\/\/silk-pajamas.com\/it\/16-momme-charmeuse-silk-jacket-open-front-wine\/","title":{"rendered":"16 Momme Charmeuse Giacca di seta aperta sul davanti Vino"},"content":{"rendered":"<p>Questo leggero strato esterno \u00e8 realizzato in seta charmeuse 16 momme in tonalit\u00e0 vino. \u00c8 aperto sul davanti, ha una mano morbida e un drappeggio confortevole per le donne. Lo stile supporta le taglie Custom e si adatta bene all'abbigliamento autunnale, ai regali e al comfort quotidiano. Lavare a mano a freddo o con un ciclo delicato.<\/p>","protected":false},"excerpt":{"rendered":"<p>16 Momme Charmeuse in seta, strato esterno leggero in vino. Finitura Open Front, sensazione di morbidezza al tatto e gamma di taglie personalizzate. Ideato per le donne.<\/p>","protected":false},"featured_media":1629,"template":"","meta":{"_gspb_post_css":""},"product_brand":[],"product_cat":[33],"product_tag":[722,733,727],"class_list":{"0":"post-855","1":"product","2":"type-product","3":"status-publish","4":"has-post-thumbnail","6":"product_cat-silk-outerwears","7":"product_tag-16-momme-silk-outerwear-wine","8":"product_tag-charmeuse-silk-outerwear-open-front","9":"product_tag-factory-silk-outerwear-for-women","11":"first","12":"instock","13":"shipping-taxable","14":"purchasable","15":"product-type-simple"},"_links":{"self":[{"href":"https:\/\/silk-pajamas.com\/it\/wp-json\/wp\/v2\/product\/855","targetHints":{"allow":["GET"]}}],"collection":[{"href":"https:\/\/silk-pajamas.com\/it\/wp-json\/wp\/v2\/product"}],"about":[{"href":"https:\/\/silk-pajamas.com\/it\/wp-json\/wp\/v2\/types\/product"}],"wp:featuredmedia":[{"embeddable":true,"href":"https:\/\/silk-pajamas.com\/it\/wp-json\/wp\/v2\/media\/1629"}],"wp:attachment":[{"href":"https:\/\/silk-pajamas.com\/it\/wp-json\/wp\/v2\/media?parent=855"}],"wp:term":[{"taxonomy":"product_brand","embeddable":true,"href":"https:\/\/silk-pajamas.com\/it\/wp-json\/wp\/v2\/product_brand?post=855"},{"taxonomy":"product_cat","embeddable":true,"href":"https:\/\/silk-pajamas.com\/it\/wp-json\/wp\/v2\/product_cat?post=855"},{"taxonomy":"product_tag","embeddable":true,"href":"https:\/\/silk-pajamas.com\/it\/wp-json\/wp\/v2\/product_tag?post=855"}],"curies":[{"name":"wp","href":"https:\/\/api.w.org\/{rel}","templated":true}]}}