{"id":859,"date":"2026-04-12T15:43:35","date_gmt":"2026-04-12T15:43:35","guid":{"rendered":"https:\/\/silk-pajamas.com\/22-momme-mulberry-silk-pants-wide-leg-coffee-supplier\/"},"modified":"2026-04-19T07:47:10","modified_gmt":"2026-04-19T07:47:10","slug":"22-momme-mulberry-silk-pants-wide-leg-coffee-supplier","status":"publish","type":"product","link":"https:\/\/silk-pajamas.com\/it\/22-momme-mulberry-silk-pants-wide-leg-coffee-supplier\/","title":{"rendered":"22 Momme Mulberry Pantaloni di seta a gamba larga Fornitore di caff\u00e8"},"content":{"rendered":"<p>Questo pantalone di seta sartoriale \u00e8 realizzato in seta di gelso 22 momme in tonalit\u00e0 caff\u00e8. Presenta una gamba ampia, una mano morbida e un drappeggio confortevole per gli outfit da ufficio. Questo modello \u00e8 adatto alle taglie XL, XXL, 3XL e 4XL e si presta bene per l'abbigliamento estivo, per i regali e per il comfort quotidiano. Lavare a mano a freddo o con un ciclo delicato.<\/p>","protected":false},"excerpt":{"rendered":"<p>22 Pantaloni sartoriali in seta Momme Mulberry in color caff\u00e8. Finitura a gamba larga, sensazione di termoregolazione e gamma di taglie XL, XXL, 3XL, 4XL. Ideato per gli outfit da ufficio.<\/p>","protected":false},"featured_media":1589,"template":"","meta":{"_gspb_post_css":""},"product_brand":[],"product_cat":[31],"product_tag":[745,747,746],"class_list":{"0":"post-859","1":"product","2":"type-product","3":"status-publish","4":"has-post-thumbnail","6":"product_cat-silk-pants","7":"product_tag-22-momme-silk-pants-coffee","8":"product_tag-factory-silk-pants-for-office-outfits","9":"product_tag-mulberry-silk-pants-wide-leg","11":"first","12":"instock","13":"shipping-taxable","14":"purchasable","15":"product-type-simple"},"_links":{"self":[{"href":"https:\/\/silk-pajamas.com\/it\/wp-json\/wp\/v2\/product\/859","targetHints":{"allow":["GET"]}}],"collection":[{"href":"https:\/\/silk-pajamas.com\/it\/wp-json\/wp\/v2\/product"}],"about":[{"href":"https:\/\/silk-pajamas.com\/it\/wp-json\/wp\/v2\/types\/product"}],"wp:featuredmedia":[{"embeddable":true,"href":"https:\/\/silk-pajamas.com\/it\/wp-json\/wp\/v2\/media\/1589"}],"wp:attachment":[{"href":"https:\/\/silk-pajamas.com\/it\/wp-json\/wp\/v2\/media?parent=859"}],"wp:term":[{"taxonomy":"product_brand","embeddable":true,"href":"https:\/\/silk-pajamas.com\/it\/wp-json\/wp\/v2\/product_brand?post=859"},{"taxonomy":"product_cat","embeddable":true,"href":"https:\/\/silk-pajamas.com\/it\/wp-json\/wp\/v2\/product_cat?post=859"},{"taxonomy":"product_tag","embeddable":true,"href":"https:\/\/silk-pajamas.com\/it\/wp-json\/wp\/v2\/product_tag?post=859"}],"curies":[{"name":"wp","href":"https:\/\/api.w.org\/{rel}","templated":true}]}}