{"id":874,"date":"2026-04-12T15:43:37","date_gmt":"2026-04-12T15:43:37","guid":{"rendered":"https:\/\/silk-pajamas.com\/19-momme-charmeuse-mulberry-silk-pants-straight-leg-silver\/"},"modified":"2026-04-19T07:38:01","modified_gmt":"2026-04-19T07:38:01","slug":"19-momme-charmeuse-mulberry-silk-pants-straight-leg-silver","status":"publish","type":"product","link":"https:\/\/silk-pajamas.com\/it\/19-momme-charmeuse-mulberry-silk-pants-straight-leg-silver\/","title":{"rendered":"19 Momme Charmeuse Mulberry Silk Pants Gamba dritta Argento"},"content":{"rendered":"<p>Questo pantalone sartoriale \u00e8 realizzato in seta charmeuse 19 momme in tonalit\u00e0 argento. Presenta una gamba dritta, una mano morbida e un drappeggio confortevole per le donne. Questo modello \u00e8 adatto alle taglie XL, XXL, 3XL e 4XL e si presta a essere indossato in tutte le stagioni, regalato e indossato quotidianamente. Lavare a mano a freddo o con un ciclo delicato.<\/p>","protected":false},"excerpt":{"rendered":"<p>19 Pantaloni sartoriali in seta Momme Charmeuse in argento. Finitura a gamba dritta, sensazione di resistenza alle rughe e gamma di taglie XL, XXL, 3XL, 4XL. Ideato per le donne.<\/p>","protected":false},"featured_media":1591,"template":"","meta":{"_gspb_post_css":""},"product_brand":[],"product_cat":[31],"product_tag":[777,778,779],"class_list":{"0":"post-874","1":"product","2":"type-product","3":"status-publish","4":"has-post-thumbnail","6":"product_cat-silk-pants","7":"product_tag-19-momme-silk-pants-silver","8":"product_tag-charmeuse-silk-pants-straight-leg","9":"product_tag-vendor-silk-pants-for-women","11":"first","12":"instock","13":"shipping-taxable","14":"purchasable","15":"product-type-simple"},"_links":{"self":[{"href":"https:\/\/silk-pajamas.com\/it\/wp-json\/wp\/v2\/product\/874","targetHints":{"allow":["GET"]}}],"collection":[{"href":"https:\/\/silk-pajamas.com\/it\/wp-json\/wp\/v2\/product"}],"about":[{"href":"https:\/\/silk-pajamas.com\/it\/wp-json\/wp\/v2\/types\/product"}],"wp:featuredmedia":[{"embeddable":true,"href":"https:\/\/silk-pajamas.com\/it\/wp-json\/wp\/v2\/media\/1591"}],"wp:attachment":[{"href":"https:\/\/silk-pajamas.com\/it\/wp-json\/wp\/v2\/media?parent=874"}],"wp:term":[{"taxonomy":"product_brand","embeddable":true,"href":"https:\/\/silk-pajamas.com\/it\/wp-json\/wp\/v2\/product_brand?post=874"},{"taxonomy":"product_cat","embeddable":true,"href":"https:\/\/silk-pajamas.com\/it\/wp-json\/wp\/v2\/product_cat?post=874"},{"taxonomy":"product_tag","embeddable":true,"href":"https:\/\/silk-pajamas.com\/it\/wp-json\/wp\/v2\/product_tag?post=874"}],"curies":[{"name":"wp","href":"https:\/\/api.w.org\/{rel}","templated":true}]}}