{"id":876,"date":"2026-04-12T15:43:38","date_gmt":"2026-04-12T15:43:38","guid":{"rendered":"https:\/\/silk-pajamas.com\/16-momme-crepe-silk-pants-drawstring-wine-wholesale\/"},"modified":"2026-04-19T06:46:46","modified_gmt":"2026-04-19T06:46:46","slug":"16-momme-crepe-silk-pants-drawstring-wine-wholesale","status":"publish","type":"product","link":"https:\/\/silk-pajamas.com\/it\/16-momme-crepe-silk-pants-drawstring-wine-wholesale\/","title":{"rendered":"16 Momme Pantaloni in seta crepe con coulisse Vino all'ingrosso"},"content":{"rendered":"<p>Questo pantalone di seta sartoriale \u00e8 realizzato in seta crepe 16 momme in tonalit\u00e0 vino. \u00c8 dotato di coulisse, mano liscia e drappeggio confortevole per gli outfit da ufficio. Il modello \u00e8 adatto alle taglie S, M, L, XL e funziona bene per l'abbigliamento estivo, per i regali e per il comfort quotidiano. Lavare a mano a freddo o con un ciclo delicato.<\/p>","protected":false},"excerpt":{"rendered":"<p>16 Momme Pantaloni sartoriali in seta crepe di vino. Finitura con coulisse, sensazione di termoregolazione e gamma di taglie S, M, L, XL. Ideato per gli outfit da ufficio.<\/p>","protected":false},"featured_media":1489,"template":"","meta":{"_gspb_post_css":""},"product_brand":[],"product_cat":[31],"product_tag":[782,774,776],"class_list":{"0":"post-876","1":"product","2":"type-product","3":"status-publish","4":"has-post-thumbnail","6":"product_cat-silk-pants","7":"product_tag-16-momme-silk-pants-wine","8":"product_tag-crepe-silk-pants-drawstring","9":"product_tag-vendor-silk-pants-for-office-outfits","11":"first","12":"instock","13":"featured","14":"shipping-taxable","15":"purchasable","16":"product-type-simple"},"_links":{"self":[{"href":"https:\/\/silk-pajamas.com\/it\/wp-json\/wp\/v2\/product\/876","targetHints":{"allow":["GET"]}}],"collection":[{"href":"https:\/\/silk-pajamas.com\/it\/wp-json\/wp\/v2\/product"}],"about":[{"href":"https:\/\/silk-pajamas.com\/it\/wp-json\/wp\/v2\/types\/product"}],"wp:featuredmedia":[{"embeddable":true,"href":"https:\/\/silk-pajamas.com\/it\/wp-json\/wp\/v2\/media\/1489"}],"wp:attachment":[{"href":"https:\/\/silk-pajamas.com\/it\/wp-json\/wp\/v2\/media?parent=876"}],"wp:term":[{"taxonomy":"product_brand","embeddable":true,"href":"https:\/\/silk-pajamas.com\/it\/wp-json\/wp\/v2\/product_brand?post=876"},{"taxonomy":"product_cat","embeddable":true,"href":"https:\/\/silk-pajamas.com\/it\/wp-json\/wp\/v2\/product_cat?post=876"},{"taxonomy":"product_tag","embeddable":true,"href":"https:\/\/silk-pajamas.com\/it\/wp-json\/wp\/v2\/product_tag?post=876"}],"curies":[{"name":"wp","href":"https:\/\/api.w.org\/{rel}","templated":true}]}}