{"id":890,"date":"2026-04-12T15:43:39","date_gmt":"2026-04-12T15:43:39","guid":{"rendered":"https:\/\/silk-pajamas.com\/25-momme-mulberry-silk-shirt-long-sleeve-floral\/"},"modified":"2026-04-19T06:32:25","modified_gmt":"2026-04-19T06:32:25","slug":"25-momme-mulberry-silk-shirt-long-sleeve-floral","status":"publish","type":"product","link":"https:\/\/silk-pajamas.com\/it\/25-momme-mulberry-silk-shirt-long-sleeve-floral\/","title":{"rendered":"25 Momme Camicia in seta gelso manica lunga floreale"},"content":{"rendered":"<p>Questa blusa di seta \u00e8 realizzata in seta di gelso 25 momme in una tonalit\u00e0 floreale. \u00c8 caratterizzata da maniche lunghe, mano liscia e drappeggio confortevole per un guardaroba a capsule. Il modello \u00e8 adatto alle taglie XL, XXL, 3XL, 4XL e si presta bene per l'abbigliamento autunnale, per i regali e per il comfort quotidiano. Lavare a mano a freddo o con un ciclo delicato.<\/p>","protected":false},"excerpt":{"rendered":"<p>25 Camicetta in seta Momme Mulberry in versione floreale. Finitura a maniche lunghe, sensazione di leggerezza e gamma di taglie XL, XXL, 3XL, 4XL. Pensata per i guardaroba a capsule.<\/p>","protected":false},"featured_media":1388,"template":"","meta":{"_gspb_post_css":""},"product_brand":[],"product_cat":[27],"product_tag":[815,803,816],"class_list":{"0":"post-890","1":"product","2":"type-product","3":"status-publish","4":"has-post-thumbnail","6":"product_cat-silk-shirts-blouses","7":"product_tag-25-momme-silk-blouse-floral","8":"product_tag-manufacturer-silk-blouse-for-capsule-wardrobes","9":"product_tag-mulberry-silk-blouse-long-sleeve","11":"first","12":"instock","13":"shipping-taxable","14":"purchasable","15":"product-type-simple"},"_links":{"self":[{"href":"https:\/\/silk-pajamas.com\/it\/wp-json\/wp\/v2\/product\/890","targetHints":{"allow":["GET"]}}],"collection":[{"href":"https:\/\/silk-pajamas.com\/it\/wp-json\/wp\/v2\/product"}],"about":[{"href":"https:\/\/silk-pajamas.com\/it\/wp-json\/wp\/v2\/types\/product"}],"wp:featuredmedia":[{"embeddable":true,"href":"https:\/\/silk-pajamas.com\/it\/wp-json\/wp\/v2\/media\/1388"}],"wp:attachment":[{"href":"https:\/\/silk-pajamas.com\/it\/wp-json\/wp\/v2\/media?parent=890"}],"wp:term":[{"taxonomy":"product_brand","embeddable":true,"href":"https:\/\/silk-pajamas.com\/it\/wp-json\/wp\/v2\/product_brand?post=890"},{"taxonomy":"product_cat","embeddable":true,"href":"https:\/\/silk-pajamas.com\/it\/wp-json\/wp\/v2\/product_cat?post=890"},{"taxonomy":"product_tag","embeddable":true,"href":"https:\/\/silk-pajamas.com\/it\/wp-json\/wp\/v2\/product_tag?post=890"}],"curies":[{"name":"wp","href":"https:\/\/api.w.org\/{rel}","templated":true}]}}