{"id":894,"date":"2026-04-12T15:43:40","date_gmt":"2026-04-12T15:43:40","guid":{"rendered":"https:\/\/silk-pajamas.com\/19-momme-sandwashed-silk-blouse-pleated-floral-vendor\/"},"modified":"2026-04-18T09:53:25","modified_gmt":"2026-04-18T09:53:25","slug":"19-momme-sandwashed-silk-blouse-pleated-floral-vendor","status":"publish","type":"product","link":"https:\/\/silk-pajamas.com\/it\/19-momme-sandwashed-silk-blouse-pleated-floral-vendor\/","title":{"rendered":"19 Momme Camicetta di seta plissettata Vendor floreale"},"content":{"rendered":"<p>Questa blusa di seta \u00e8 realizzata in seta 19 momme sandwashed in una tonalit\u00e0 floreale. \u00c8 caratterizzata da pieghe, una mano liscia e un drappeggio confortevole per i guardaroba a capsule. Lo stile supporta le taglie Custom e funziona bene per l'abbigliamento estivo, i regali e il comfort quotidiano. Lavare a mano a freddo o con un ciclo delicato.<\/p>","protected":false},"excerpt":{"rendered":"<p>19 Momme Camicetta in seta plissettata in versione floreale. Finitura plissettata, sensazione di leggerezza e gamma di taglie personalizzate. Pensata per i guardaroba a capsule.<\/p>","protected":false},"featured_media":1385,"template":"","meta":{"_gspb_post_css":""},"product_brand":[],"product_cat":[27],"product_tag":[801,822,823],"class_list":{"0":"post-894","1":"product","2":"type-product","3":"status-publish","4":"has-post-thumbnail","6":"product_cat-silk-shirts-blouses","7":"product_tag-19-momme-silk-blouse-floral","8":"product_tag-sandwashed-silk-blouse-pleated","9":"product_tag-vendor-silk-blouse-for-capsule-wardrobes","11":"first","12":"instock","13":"shipping-taxable","14":"purchasable","15":"product-type-simple"},"_links":{"self":[{"href":"https:\/\/silk-pajamas.com\/it\/wp-json\/wp\/v2\/product\/894","targetHints":{"allow":["GET"]}}],"collection":[{"href":"https:\/\/silk-pajamas.com\/it\/wp-json\/wp\/v2\/product"}],"about":[{"href":"https:\/\/silk-pajamas.com\/it\/wp-json\/wp\/v2\/types\/product"}],"wp:featuredmedia":[{"embeddable":true,"href":"https:\/\/silk-pajamas.com\/it\/wp-json\/wp\/v2\/media\/1385"}],"wp:attachment":[{"href":"https:\/\/silk-pajamas.com\/it\/wp-json\/wp\/v2\/media?parent=894"}],"wp:term":[{"taxonomy":"product_brand","embeddable":true,"href":"https:\/\/silk-pajamas.com\/it\/wp-json\/wp\/v2\/product_brand?post=894"},{"taxonomy":"product_cat","embeddable":true,"href":"https:\/\/silk-pajamas.com\/it\/wp-json\/wp\/v2\/product_cat?post=894"},{"taxonomy":"product_tag","embeddable":true,"href":"https:\/\/silk-pajamas.com\/it\/wp-json\/wp\/v2\/product_tag?post=894"}],"curies":[{"name":"wp","href":"https:\/\/api.w.org\/{rel}","templated":true}]}}