{"id":898,"date":"2026-04-12T15:43:40","date_gmt":"2026-04-12T15:43:40","guid":{"rendered":"https:\/\/silk-pajamas.com\/22-momme-sandwashed-silk-blouse-relaxed-fit-floral\/"},"modified":"2026-04-19T03:04:37","modified_gmt":"2026-04-19T03:04:37","slug":"22-momme-sandwashed-silk-blouse-relaxed-fit-floral","status":"publish","type":"product","link":"https:\/\/silk-pajamas.com\/it\/22-momme-sandwashed-silk-blouse-relaxed-fit-floral\/","title":{"rendered":"22 Momme Camicetta in seta dal taglio rilassato e floreale"},"content":{"rendered":"<p>Questa blusa di seta \u00e8 realizzata in seta 22 momme sandwashed in una tonalit\u00e0 floreale. Presenta una vestibilit\u00e0 rilassata, una mano morbida e un drappeggio confortevole per le donne. Il modello \u00e8 adatto alle taglie S, M, L, XL, XXL e si presta bene all'abbigliamento autunnale, ai regali e al comfort quotidiano. Lavare a mano a freddo o con un ciclo delicato.<\/p>","protected":false},"excerpt":{"rendered":"<p>22 Momme Camicetta in seta a fiori. Finitura Relaxed Fit, sensazione di termoregolazione e gamma di taglie S, M, L, XL, XXL. Ideato per le donne.<\/p>","protected":false},"featured_media":1397,"template":"","meta":{"_gspb_post_css":""},"product_brand":[],"product_cat":[27],"product_tag":[827,824,829],"class_list":{"0":"post-898","1":"product","2":"type-product","3":"status-publish","4":"has-post-thumbnail","6":"product_cat-silk-shirts-blouses","7":"product_tag-22-momme-silk-blouse-floral","8":"product_tag-sandwashed-silk-blouse-relaxed-fit","9":"product_tag-vendor-silk-blouse-for-women","11":"first","12":"instock","13":"shipping-taxable","14":"purchasable","15":"product-type-simple"},"_links":{"self":[{"href":"https:\/\/silk-pajamas.com\/it\/wp-json\/wp\/v2\/product\/898","targetHints":{"allow":["GET"]}}],"collection":[{"href":"https:\/\/silk-pajamas.com\/it\/wp-json\/wp\/v2\/product"}],"about":[{"href":"https:\/\/silk-pajamas.com\/it\/wp-json\/wp\/v2\/types\/product"}],"wp:featuredmedia":[{"embeddable":true,"href":"https:\/\/silk-pajamas.com\/it\/wp-json\/wp\/v2\/media\/1397"}],"wp:attachment":[{"href":"https:\/\/silk-pajamas.com\/it\/wp-json\/wp\/v2\/media?parent=898"}],"wp:term":[{"taxonomy":"product_brand","embeddable":true,"href":"https:\/\/silk-pajamas.com\/it\/wp-json\/wp\/v2\/product_brand?post=898"},{"taxonomy":"product_cat","embeddable":true,"href":"https:\/\/silk-pajamas.com\/it\/wp-json\/wp\/v2\/product_cat?post=898"},{"taxonomy":"product_tag","embeddable":true,"href":"https:\/\/silk-pajamas.com\/it\/wp-json\/wp\/v2\/product_tag?post=898"}],"curies":[{"name":"wp","href":"https:\/\/api.w.org\/{rel}","templated":true}]}}