{"id":903,"date":"2026-04-12T15:43:40","date_gmt":"2026-04-12T15:43:40","guid":{"rendered":"https:\/\/silk-pajamas.com\/16-momme-crepe-silk-skirt-slip-sage-factory\/"},"modified":"2026-04-19T03:14:12","modified_gmt":"2026-04-19T03:14:12","slug":"16-momme-crepe-silk-skirt-slip-sage-factory","status":"publish","type":"product","link":"https:\/\/silk-pajamas.com\/it\/16-momme-crepe-silk-skirt-slip-sage-factory\/","title":{"rendered":"16 Gonna Momme in crepe di seta Slip Salvia Factory"},"content":{"rendered":"<p>Questa gonna in seta \u00e8 realizzata in crepe di seta 16 momme in tonalit\u00e0 salvia. \u00c8 caratterizzata da una scivolatura, una mano liscia e un drappeggio confortevole per gli outfit da ufficio. Questo modello \u00e8 adatto alle taglie XL, XXL, 3XL e 4XL e si presta a essere indossato in tutte le stagioni, regalato e indossato quotidianamente. Lavare a mano a freddo o con un ciclo delicato.<\/p>","protected":false},"excerpt":{"rendered":"<p>16 Gonna in crepe di seta Momme in color salvia. Finitura scivolata, sensazione di leggerezza e gamma di taglie XL, XXL, 3XL, 4XL. Pensata per gli outfit da ufficio.<\/p>","protected":false},"featured_media":1422,"template":"","meta":{"_gspb_post_css":""},"product_brand":[],"product_cat":[32],"product_tag":[836,837,838],"class_list":{"0":"post-903","1":"product","2":"type-product","3":"status-publish","4":"has-post-thumbnail","6":"product_cat-silk-skirts","7":"product_tag-16-momme-silk-skirt-sage","8":"product_tag-crepe-silk-skirt-slip","9":"product_tag-supplier-silk-skirt-for-office-outfits","11":"first","12":"instock","13":"shipping-taxable","14":"purchasable","15":"product-type-simple"},"_links":{"self":[{"href":"https:\/\/silk-pajamas.com\/it\/wp-json\/wp\/v2\/product\/903","targetHints":{"allow":["GET"]}}],"collection":[{"href":"https:\/\/silk-pajamas.com\/it\/wp-json\/wp\/v2\/product"}],"about":[{"href":"https:\/\/silk-pajamas.com\/it\/wp-json\/wp\/v2\/types\/product"}],"wp:featuredmedia":[{"embeddable":true,"href":"https:\/\/silk-pajamas.com\/it\/wp-json\/wp\/v2\/media\/1422"}],"wp:attachment":[{"href":"https:\/\/silk-pajamas.com\/it\/wp-json\/wp\/v2\/media?parent=903"}],"wp:term":[{"taxonomy":"product_brand","embeddable":true,"href":"https:\/\/silk-pajamas.com\/it\/wp-json\/wp\/v2\/product_brand?post=903"},{"taxonomy":"product_cat","embeddable":true,"href":"https:\/\/silk-pajamas.com\/it\/wp-json\/wp\/v2\/product_cat?post=903"},{"taxonomy":"product_tag","embeddable":true,"href":"https:\/\/silk-pajamas.com\/it\/wp-json\/wp\/v2\/product_tag?post=903"}],"curies":[{"name":"wp","href":"https:\/\/api.w.org\/{rel}","templated":true}]}}