{"id":913,"date":"2026-04-12T15:43:41","date_gmt":"2026-04-12T15:43:41","guid":{"rendered":"https:\/\/silk-pajamas.com\/19-momme-mulberry-silk-skirt-maxi-pearl-manufacturer\/"},"modified":"2026-04-18T06:15:09","modified_gmt":"2026-04-18T06:15:09","slug":"19-momme-mulberry-silk-skirt-maxi-pearl-manufacturer","status":"publish","type":"product","link":"https:\/\/silk-pajamas.com\/it\/19-momme-mulberry-silk-skirt-maxi-pearl-manufacturer\/","title":{"rendered":"19 Gonna di seta Momme Mulberry Maxi Pearl Produttore"},"content":{"rendered":"<p>Questa gonna di seta \u00e8 realizzata in seta di gelso 19 momme in tonalit\u00e0 perla. \u00c8 maxi, ha una mano liscia e un drappeggio confortevole per un guardaroba a capsule. Il modello \u00e8 adatto alle taglie XL, XXL, 3XL, 4XL e si presta bene per l'abbigliamento estivo, per i regali e per il comfort quotidiano. Lavare a mano a freddo o con un ciclo delicato.<\/p>","protected":false},"excerpt":{"rendered":"<p>19 Gonna in seta Momme Mulberry in Perla. Finitura maxi, sensazione di drappeggio morbido e gamma di taglie XL, XXL, 3XL, 4XL. Pensata per i guardaroba a capsule.<\/p>","protected":false},"featured_media":1361,"template":"","meta":{"_gspb_post_css":""},"product_brand":[],"product_cat":[32],"product_tag":[863,858,862],"class_list":{"0":"post-913","1":"product","2":"type-product","3":"status-publish","4":"has-post-thumbnail","6":"product_cat-silk-skirts","7":"product_tag-19-momme-silk-skirt-pearl","8":"product_tag-mulberry-silk-skirt-maxi","9":"product_tag-wholesale-silk-skirt-for-capsule-wardrobes","11":"first","12":"instock","13":"shipping-taxable","14":"purchasable","15":"product-type-simple"},"_links":{"self":[{"href":"https:\/\/silk-pajamas.com\/it\/wp-json\/wp\/v2\/product\/913","targetHints":{"allow":["GET"]}}],"collection":[{"href":"https:\/\/silk-pajamas.com\/it\/wp-json\/wp\/v2\/product"}],"about":[{"href":"https:\/\/silk-pajamas.com\/it\/wp-json\/wp\/v2\/types\/product"}],"wp:featuredmedia":[{"embeddable":true,"href":"https:\/\/silk-pajamas.com\/it\/wp-json\/wp\/v2\/media\/1361"}],"wp:attachment":[{"href":"https:\/\/silk-pajamas.com\/it\/wp-json\/wp\/v2\/media?parent=913"}],"wp:term":[{"taxonomy":"product_brand","embeddable":true,"href":"https:\/\/silk-pajamas.com\/it\/wp-json\/wp\/v2\/product_brand?post=913"},{"taxonomy":"product_cat","embeddable":true,"href":"https:\/\/silk-pajamas.com\/it\/wp-json\/wp\/v2\/product_cat?post=913"},{"taxonomy":"product_tag","embeddable":true,"href":"https:\/\/silk-pajamas.com\/it\/wp-json\/wp\/v2\/product_tag?post=913"}],"curies":[{"name":"wp","href":"https:\/\/api.w.org\/{rel}","templated":true}]}}