{"id":929,"date":"2026-04-12T15:43:43","date_gmt":"2026-04-12T15:43:43","guid":{"rendered":"https:\/\/silk-pajamas.com\/16-momme-charmeuse-mulberry-silk-tee-crew-neck-lilac\/"},"modified":"2026-04-17T02:55:30","modified_gmt":"2026-04-17T02:55:30","slug":"16-momme-charmeuse-mulberry-silk-tee-crew-neck-lilac","status":"publish","type":"product","link":"https:\/\/silk-pajamas.com\/it\/16-momme-charmeuse-mulberry-silk-tee-crew-neck-lilac\/","title":{"rendered":"16 Momme Charmeuse Mulberry Silk Tee Girocollo Lilla"},"content":{"rendered":"<p>Questa t-shirt in seta \u00e8 realizzata in seta charmeuse 16 momme in tonalit\u00e0 lilla. Presenta un girocollo, una mano morbida e un drappeggio confortevole per gli uomini. Il modello \u00e8 adatto alle taglie S, M, L, XL, XXL e pu\u00f2 essere indossato in tutte le stagioni, regalato e indossato quotidianamente. Lavare a mano a freddo o con un ciclo delicato.<\/p>","protected":false},"excerpt":{"rendered":"<p>16 T-shirt in seta Momme Charmeuse di colore lilla. Finitura girocollo, sensazione di traspirazione e gamma di taglie S, M, L, XL, XXL. Ideato per gli uomini.<\/p>","protected":false},"featured_media":1308,"template":"","meta":{"_gspb_post_css":""},"product_brand":[],"product_cat":[28],"product_tag":[900,902,903],"class_list":{"0":"post-929","1":"product","2":"type-product","3":"status-publish","4":"has-post-thumbnail","6":"product_cat-silk-t-shirts","7":"product_tag-16-momme-silk-t-shirt-lilac","8":"product_tag-charmeuse-silk-t-shirt-crew-neck","9":"product_tag-manufacturer-silk-t-shirt-for-men","11":"first","12":"instock","13":"shipping-taxable","14":"purchasable","15":"product-type-simple"},"_links":{"self":[{"href":"https:\/\/silk-pajamas.com\/it\/wp-json\/wp\/v2\/product\/929","targetHints":{"allow":["GET"]}}],"collection":[{"href":"https:\/\/silk-pajamas.com\/it\/wp-json\/wp\/v2\/product"}],"about":[{"href":"https:\/\/silk-pajamas.com\/it\/wp-json\/wp\/v2\/types\/product"}],"wp:featuredmedia":[{"embeddable":true,"href":"https:\/\/silk-pajamas.com\/it\/wp-json\/wp\/v2\/media\/1308"}],"wp:attachment":[{"href":"https:\/\/silk-pajamas.com\/it\/wp-json\/wp\/v2\/media?parent=929"}],"wp:term":[{"taxonomy":"product_brand","embeddable":true,"href":"https:\/\/silk-pajamas.com\/it\/wp-json\/wp\/v2\/product_brand?post=929"},{"taxonomy":"product_cat","embeddable":true,"href":"https:\/\/silk-pajamas.com\/it\/wp-json\/wp\/v2\/product_cat?post=929"},{"taxonomy":"product_tag","embeddable":true,"href":"https:\/\/silk-pajamas.com\/it\/wp-json\/wp\/v2\/product_tag?post=929"}],"curies":[{"name":"wp","href":"https:\/\/api.w.org\/{rel}","templated":true}]}}