{"id":958,"date":"2026-04-12T15:43:46","date_gmt":"2026-04-12T15:43:46","guid":{"rendered":"https:\/\/silk-pajamas.com\/22-momme-sandwashed-silk-bralette-set-plus-size-floral\/"},"modified":"2026-04-16T10:28:04","modified_gmt":"2026-04-16T10:28:04","slug":"22-momme-sandwashed-silk-bralette-set-plus-size-floral","status":"publish","type":"product","link":"https:\/\/silk-pajamas.com\/it\/22-momme-sandwashed-silk-bralette-set-plus-size-floral\/","title":{"rendered":"22 Momme Set di bralette in seta con lavorazione a sandwich, taglia forte e floreale"},"content":{"rendered":"<p>Questo set di reggiseno e mutandine \u00e8 realizzato in seta 22 momme sandwashed in una tonalit\u00e0 floreale. \u00c8 dotato di spalline regolabili, di una mano liscia e di un drappeggio confortevole per gli assortimenti regalo. Questo modello \u00e8 adatto alle taglie XL, XXL, 3XL e 4XL e si presta ad essere indossato in tutte le stagioni, regalato e indossato quotidianamente. Lavare a mano a freddo o con un ciclo delicato.<\/p>","protected":false},"excerpt":{"rendered":"<p>22 Momme Sandwashed, set di reggiseno e mutandine in seta floreale. Finitura con cinturino regolabile, sensazione di traspirazione e gamma di taglie XL, XXL, 3XL, 4XL. Progettato per assortimenti regalo.<\/p>","protected":false},"featured_media":1230,"template":"","meta":{"_gspb_post_css":""},"product_brand":[],"product_cat":[40],"product_tag":[959,960,961],"class_list":{"0":"post-958","1":"product","2":"type-product","3":"status-publish","4":"has-post-thumbnail","6":"product_cat-silk-bra-panty-sets","7":"product_tag-22-momme-silk-bra-panty-set-floral","8":"product_tag-sandwashed-silk-bra-panty-set-adjustable-strap","9":"product_tag-vendor-silk-bra-panty-set-for-gift-assortments","11":"first","12":"instock","13":"featured","14":"shipping-taxable","15":"purchasable","16":"product-type-simple"},"_links":{"self":[{"href":"https:\/\/silk-pajamas.com\/it\/wp-json\/wp\/v2\/product\/958","targetHints":{"allow":["GET"]}}],"collection":[{"href":"https:\/\/silk-pajamas.com\/it\/wp-json\/wp\/v2\/product"}],"about":[{"href":"https:\/\/silk-pajamas.com\/it\/wp-json\/wp\/v2\/types\/product"}],"wp:featuredmedia":[{"embeddable":true,"href":"https:\/\/silk-pajamas.com\/it\/wp-json\/wp\/v2\/media\/1230"}],"wp:attachment":[{"href":"https:\/\/silk-pajamas.com\/it\/wp-json\/wp\/v2\/media?parent=958"}],"wp:term":[{"taxonomy":"product_brand","embeddable":true,"href":"https:\/\/silk-pajamas.com\/it\/wp-json\/wp\/v2\/product_brand?post=958"},{"taxonomy":"product_cat","embeddable":true,"href":"https:\/\/silk-pajamas.com\/it\/wp-json\/wp\/v2\/product_cat?post=958"},{"taxonomy":"product_tag","embeddable":true,"href":"https:\/\/silk-pajamas.com\/it\/wp-json\/wp\/v2\/product_tag?post=958"}],"curies":[{"name":"wp","href":"https:\/\/api.w.org\/{rel}","templated":true}]}}