{"id":962,"date":"2026-04-12T15:43:46","date_gmt":"2026-04-12T15:43:46","guid":{"rendered":"https:\/\/silk-pajamas.com\/19-momme-mulberry-silk-bra-panty-set-wireless-black\/"},"modified":"2026-04-17T01:48:32","modified_gmt":"2026-04-17T01:48:32","slug":"19-momme-mulberry-silk-bra-panty-set-wireless-black","status":"publish","type":"product","link":"https:\/\/silk-pajamas.com\/it\/19-momme-mulberry-silk-bra-panty-set-wireless-black\/","title":{"rendered":"19 Momme Mulberry Silk Bra Panty Set Wireless Nero"},"content":{"rendered":"<p>Questo set di reggiseno e mutandine \u00e8 realizzato in seta di gelso 19 momme in tonalit\u00e0 nera. \u00c8 caratterizzato da un tessuto senza fili, una mano liscia e un drappeggio confortevole per gli assortimenti regalo. Lo stile supporta le taglie Custom e funziona bene per l'abbigliamento autunnale, i regali e il comfort quotidiano. Lavare a mano a freddo o con un ciclo delicato.<\/p>","protected":false},"excerpt":{"rendered":"<p>19 Set reggiseno e mutandine Momme Mulberry in seta nera. Finitura senza fili, sensazione di traspirazione e gamma di taglie personalizzate. Ideato per gli assortimenti regalo.<\/p>","protected":false},"featured_media":1217,"template":"","meta":{"_gspb_post_css":""},"product_brand":[],"product_cat":[40],"product_tag":[929,967,950],"class_list":{"0":"post-962","1":"product","2":"type-product","3":"status-publish","4":"has-post-thumbnail","6":"product_cat-silk-bra-panty-sets","7":"product_tag-19-momme-silk-bra-panty-set-black","8":"product_tag-manufacturer-silk-bra-panty-set-for-gift-assortments","9":"product_tag-mulberry-silk-bra-panty-set-wireless","11":"first","12":"instock","13":"shipping-taxable","14":"purchasable","15":"product-type-simple"},"_links":{"self":[{"href":"https:\/\/silk-pajamas.com\/it\/wp-json\/wp\/v2\/product\/962","targetHints":{"allow":["GET"]}}],"collection":[{"href":"https:\/\/silk-pajamas.com\/it\/wp-json\/wp\/v2\/product"}],"about":[{"href":"https:\/\/silk-pajamas.com\/it\/wp-json\/wp\/v2\/types\/product"}],"wp:featuredmedia":[{"embeddable":true,"href":"https:\/\/silk-pajamas.com\/it\/wp-json\/wp\/v2\/media\/1217"}],"wp:attachment":[{"href":"https:\/\/silk-pajamas.com\/it\/wp-json\/wp\/v2\/media?parent=962"}],"wp:term":[{"taxonomy":"product_brand","embeddable":true,"href":"https:\/\/silk-pajamas.com\/it\/wp-json\/wp\/v2\/product_brand?post=962"},{"taxonomy":"product_cat","embeddable":true,"href":"https:\/\/silk-pajamas.com\/it\/wp-json\/wp\/v2\/product_cat?post=962"},{"taxonomy":"product_tag","embeddable":true,"href":"https:\/\/silk-pajamas.com\/it\/wp-json\/wp\/v2\/product_tag?post=962"}],"curies":[{"name":"wp","href":"https:\/\/api.w.org\/{rel}","templated":true}]}}