{"id":980,"date":"2026-04-12T15:43:48","date_gmt":"2026-04-12T15:43:48","guid":{"rendered":"https:\/\/silk-pajamas.com\/22-momme-sandwashed-silk-long-johns-base-layer-rose-vendor\/"},"modified":"2026-04-16T07:41:35","modified_gmt":"2026-04-16T07:41:35","slug":"22-momme-sandwashed-silk-long-johns-base-layer-rose-vendor","status":"publish","type":"product","link":"https:\/\/silk-pajamas.com\/it\/22-momme-sandwashed-silk-long-johns-base-layer-rose-vendor\/","title":{"rendered":"22 Momme Sandwashed Silk Long Johns Base Layer Rose Vendor"},"content":{"rendered":"<p>Questo strato di base termico \u00e8 realizzato in seta 22 momme sandwashed in tonalit\u00e0 rosa. \u00c8 caratterizzato da uno strato di base, una mano liscia e un drappeggio confortevole per gli uomini. Il modello \u00e8 adatto alle taglie XL, XXL, 3XL, 4XL e si presta bene per l'abbigliamento autunnale, per i regali e per il comfort quotidiano. Lavare a mano a freddo o con un ciclo delicato.<\/p>","protected":false},"excerpt":{"rendered":"<p>22 strato di base termico in seta Momme Sandwashed di colore rosa. Finitura Base Layer, sensazione di resistenza alle rughe e gamma di taglie XL, XXL, 3XL, 4XL. Progettato per gli uomini.<\/p>","protected":false},"featured_media":1116,"template":"","meta":{"_gspb_post_css":""},"product_brand":[],"product_cat":[41],"product_tag":[1002,994,1003],"class_list":{"0":"post-980","1":"product","2":"type-product","3":"status-publish","4":"has-post-thumbnail","6":"product_cat-silk-long-johns","7":"product_tag-22-momme-silk-long-johns-rose","8":"product_tag-sandwashed-silk-long-johns-base-layer","9":"product_tag-vendor-silk-long-johns-for-men","11":"first","12":"instock","13":"shipping-taxable","14":"purchasable","15":"product-type-simple"},"_links":{"self":[{"href":"https:\/\/silk-pajamas.com\/it\/wp-json\/wp\/v2\/product\/980","targetHints":{"allow":["GET"]}}],"collection":[{"href":"https:\/\/silk-pajamas.com\/it\/wp-json\/wp\/v2\/product"}],"about":[{"href":"https:\/\/silk-pajamas.com\/it\/wp-json\/wp\/v2\/types\/product"}],"wp:featuredmedia":[{"embeddable":true,"href":"https:\/\/silk-pajamas.com\/it\/wp-json\/wp\/v2\/media\/1116"}],"wp:attachment":[{"href":"https:\/\/silk-pajamas.com\/it\/wp-json\/wp\/v2\/media?parent=980"}],"wp:term":[{"taxonomy":"product_brand","embeddable":true,"href":"https:\/\/silk-pajamas.com\/it\/wp-json\/wp\/v2\/product_brand?post=980"},{"taxonomy":"product_cat","embeddable":true,"href":"https:\/\/silk-pajamas.com\/it\/wp-json\/wp\/v2\/product_cat?post=980"},{"taxonomy":"product_tag","embeddable":true,"href":"https:\/\/silk-pajamas.com\/it\/wp-json\/wp\/v2\/product_tag?post=980"}],"curies":[{"name":"wp","href":"https:\/\/api.w.org\/{rel}","templated":true}]}}