{"id":981,"date":"2026-04-12T15:43:48","date_gmt":"2026-04-12T15:43:48","guid":{"rendered":"https:\/\/silk-pajamas.com\/19-momme-sandwashed-silk-thermal-set-lightweight-champagne\/"},"modified":"2026-04-16T07:43:01","modified_gmt":"2026-04-16T07:43:01","slug":"19-momme-sandwashed-silk-thermal-set-lightweight-champagne","status":"publish","type":"product","link":"https:\/\/silk-pajamas.com\/it\/19-momme-sandwashed-silk-thermal-set-lightweight-champagne\/","title":{"rendered":"19 Momme Set termico in seta lavata leggera Champagne"},"content":{"rendered":"<p>Questo strato di base termico \u00e8 realizzato in seta 19 momme sandwashed in tonalit\u00e0 champagne. \u00c8 leggero, morbido al tatto e confortevole nel drappeggio per gli uomini. Il modello \u00e8 adatto alle taglie M, L, XL e XXL e si presta bene per essere indossato in primavera, regalato e indossato quotidianamente. Lavare a mano a freddo o con un ciclo delicato.<\/p>","protected":false},"excerpt":{"rendered":"<p>19 Strato di base termico in seta Momme Sandwashed in Champagne. Finitura leggera, sensazione di morbidezza al tatto e gamma di taglie M, L, XL, XXL. Progettato per gli uomini.<\/p>","protected":false},"featured_media":1151,"template":"","meta":{"_gspb_post_css":""},"product_brand":[],"product_cat":[41],"product_tag":[1004,996,1005],"class_list":{"0":"post-981","1":"product","2":"type-product","3":"status-publish","4":"has-post-thumbnail","6":"product_cat-silk-long-johns","7":"product_tag-19-momme-silk-long-johns-champagne","8":"product_tag-manufacturer-silk-long-johns-for-men","9":"product_tag-sandwashed-silk-long-johns-lightweight","11":"first","12":"instock","13":"shipping-taxable","14":"purchasable","15":"product-type-simple"},"_links":{"self":[{"href":"https:\/\/silk-pajamas.com\/it\/wp-json\/wp\/v2\/product\/981","targetHints":{"allow":["GET"]}}],"collection":[{"href":"https:\/\/silk-pajamas.com\/it\/wp-json\/wp\/v2\/product"}],"about":[{"href":"https:\/\/silk-pajamas.com\/it\/wp-json\/wp\/v2\/types\/product"}],"wp:featuredmedia":[{"embeddable":true,"href":"https:\/\/silk-pajamas.com\/it\/wp-json\/wp\/v2\/media\/1151"}],"wp:attachment":[{"href":"https:\/\/silk-pajamas.com\/it\/wp-json\/wp\/v2\/media?parent=981"}],"wp:term":[{"taxonomy":"product_brand","embeddable":true,"href":"https:\/\/silk-pajamas.com\/it\/wp-json\/wp\/v2\/product_brand?post=981"},{"taxonomy":"product_cat","embeddable":true,"href":"https:\/\/silk-pajamas.com\/it\/wp-json\/wp\/v2\/product_cat?post=981"},{"taxonomy":"product_tag","embeddable":true,"href":"https:\/\/silk-pajamas.com\/it\/wp-json\/wp\/v2\/product_tag?post=981"}],"curies":[{"name":"wp","href":"https:\/\/api.w.org\/{rel}","templated":true}]}}