{"id":982,"date":"2026-04-12T15:43:48","date_gmt":"2026-04-12T15:43:48","guid":{"rendered":"https:\/\/silk-pajamas.com\/22-momme-sandwashed-silk-thermal-set-lightweight-sage\/"},"modified":"2026-04-16T07:45:20","modified_gmt":"2026-04-16T07:45:20","slug":"22-momme-sandwashed-silk-thermal-set-lightweight-sage","status":"publish","type":"product","link":"https:\/\/silk-pajamas.com\/it\/22-momme-sandwashed-silk-thermal-set-lightweight-sage\/","title":{"rendered":"22 Momme Set termico in seta lavata leggera Salvia"},"content":{"rendered":"<p>Questo strato di base termico \u00e8 realizzato in seta 22 momme sandwashed in tonalit\u00e0 salvia. \u00c8 leggero, morbido al tatto e con un drappeggio confortevole per l'uso in viaggio. Il modello \u00e8 adatto alle taglie XL, XXL, 3XL e 4XL ed \u00e8 ideale per l'abbigliamento estivo, per i regali e per il comfort quotidiano. Lavare a mano a freddo o con un ciclo delicato.<\/p>","protected":false},"excerpt":{"rendered":"<p>22 Strato di base termico in seta Momme Sandwashed in color salvia. Finitura leggera, sensazione di leggerezza e gamma di taglie XL, XXL, 3XL, 4XL. Progettato per l'uso in viaggio.<\/p>","protected":false},"featured_media":1152,"template":"","meta":{"_gspb_post_css":""},"product_brand":[],"product_cat":[41],"product_tag":[1006,1005,1007],"class_list":{"0":"post-982","1":"product","2":"type-product","3":"status-publish","4":"has-post-thumbnail","6":"product_cat-silk-long-johns","7":"product_tag-22-momme-silk-long-johns-sage","8":"product_tag-sandwashed-silk-long-johns-lightweight","9":"product_tag-supplier-silk-long-johns-for-travel-use","11":"first","12":"instock","13":"shipping-taxable","14":"purchasable","15":"product-type-simple"},"_links":{"self":[{"href":"https:\/\/silk-pajamas.com\/it\/wp-json\/wp\/v2\/product\/982","targetHints":{"allow":["GET"]}}],"collection":[{"href":"https:\/\/silk-pajamas.com\/it\/wp-json\/wp\/v2\/product"}],"about":[{"href":"https:\/\/silk-pajamas.com\/it\/wp-json\/wp\/v2\/types\/product"}],"wp:featuredmedia":[{"embeddable":true,"href":"https:\/\/silk-pajamas.com\/it\/wp-json\/wp\/v2\/media\/1152"}],"wp:attachment":[{"href":"https:\/\/silk-pajamas.com\/it\/wp-json\/wp\/v2\/media?parent=982"}],"wp:term":[{"taxonomy":"product_brand","embeddable":true,"href":"https:\/\/silk-pajamas.com\/it\/wp-json\/wp\/v2\/product_brand?post=982"},{"taxonomy":"product_cat","embeddable":true,"href":"https:\/\/silk-pajamas.com\/it\/wp-json\/wp\/v2\/product_cat?post=982"},{"taxonomy":"product_tag","embeddable":true,"href":"https:\/\/silk-pajamas.com\/it\/wp-json\/wp\/v2\/product_tag?post=982"}],"curies":[{"name":"wp","href":"https:\/\/api.w.org\/{rel}","templated":true}]}}