{"id":987,"date":"2026-04-12T15:43:49","date_gmt":"2026-04-12T15:43:49","guid":{"rendered":"https:\/\/silk-pajamas.com\/16-momme-stretch-silk-thermal-set-base-layer-sky-blue\/"},"modified":"2026-04-16T07:21:39","modified_gmt":"2026-04-16T07:21:39","slug":"16-momme-stretch-silk-thermal-set-base-layer-sky-blue","status":"publish","type":"product","link":"https:\/\/silk-pajamas.com\/it\/16-momme-stretch-silk-thermal-set-base-layer-sky-blue\/","title":{"rendered":"16 Momme Set termico in seta elasticizzata Strato base Blu cielo"},"content":{"rendered":"<p>Questo strato di base termico \u00e8 realizzato in seta elasticizzata 16 momme in una tonalit\u00e0 blu cielo. \u00c8 caratterizzato da uno strato di base, una mano liscia e un drappeggio confortevole per la stratificazione del tempo fresco. Il modello \u00e8 adatto alle taglie S, M, L, XL e funziona bene per l'abbigliamento autunnale, per i regali e per il comfort quotidiano. Lavare a mano a freddo o con un ciclo delicato.<\/p>","protected":false},"excerpt":{"rendered":"<p>16 Strato di base termico in seta Momme Stretch Silk in Sky Blue. Finitura Base Layer, sensazione di termoregolazione e gamma di taglie S, M, L, XL. Ideato per la vestizione con tempo fresco.<\/p>","protected":false},"featured_media":1106,"template":"","meta":{"_gspb_post_css":""},"product_brand":[],"product_cat":[41],"product_tag":[1014,1013,1015],"class_list":{"0":"post-987","1":"product","2":"type-product","3":"status-publish","4":"has-post-thumbnail","6":"product_cat-silk-long-johns","7":"product_tag-16-momme-silk-long-johns-sky-blue","8":"product_tag-manufacturer-silk-long-johns-for-cool-weather-layering","9":"product_tag-stretch-silk-silk-long-johns-base-layer","11":"first","12":"instock","13":"shipping-taxable","14":"purchasable","15":"product-type-simple"},"_links":{"self":[{"href":"https:\/\/silk-pajamas.com\/it\/wp-json\/wp\/v2\/product\/987","targetHints":{"allow":["GET"]}}],"collection":[{"href":"https:\/\/silk-pajamas.com\/it\/wp-json\/wp\/v2\/product"}],"about":[{"href":"https:\/\/silk-pajamas.com\/it\/wp-json\/wp\/v2\/types\/product"}],"wp:featuredmedia":[{"embeddable":true,"href":"https:\/\/silk-pajamas.com\/it\/wp-json\/wp\/v2\/media\/1106"}],"wp:attachment":[{"href":"https:\/\/silk-pajamas.com\/it\/wp-json\/wp\/v2\/media?parent=987"}],"wp:term":[{"taxonomy":"product_brand","embeddable":true,"href":"https:\/\/silk-pajamas.com\/it\/wp-json\/wp\/v2\/product_brand?post=987"},{"taxonomy":"product_cat","embeddable":true,"href":"https:\/\/silk-pajamas.com\/it\/wp-json\/wp\/v2\/product_cat?post=987"},{"taxonomy":"product_tag","embeddable":true,"href":"https:\/\/silk-pajamas.com\/it\/wp-json\/wp\/v2\/product_tag?post=987"}],"curies":[{"name":"wp","href":"https:\/\/api.w.org\/{rel}","templated":true}]}}