{"id":990,"date":"2026-04-12T15:43:49","date_gmt":"2026-04-12T15:43:49","guid":{"rendered":"https:\/\/silk-pajamas.com\/16-momme-mulberry-silk-panties-mid-rise-silver\/"},"modified":"2026-04-16T07:28:04","modified_gmt":"2026-04-16T07:28:04","slug":"16-momme-mulberry-silk-panties-mid-rise-silver","status":"publish","type":"product","link":"https:\/\/silk-pajamas.com\/it\/16-momme-mulberry-silk-panties-mid-rise-silver\/","title":{"rendered":"16 Momme Mutandine di seta di gelso a vita media Argento"},"content":{"rendered":"<p>Questo slip in seta \u00e8 realizzato in seta di gelso 16 momme in tonalit\u00e0 argento. Presenta una vita media, una mano liscia e un drappeggio confortevole per l'uso quotidiano. Questo modello \u00e8 adatto alle taglie M, L, XL e XXL e si presta a essere indossato in tutte le stagioni, regalato e indossato quotidianamente. Lavare a mano a freddo o con un ciclo delicato.<\/p>","protected":false},"excerpt":{"rendered":"<p>16 Slip di seta Momme Mulberry in argento. Finitura a vita media, sensazione di morbidezza al tatto e taglie M, L, XL, XXL. Ideato per essere indossato tutti i giorni.<\/p>","protected":false},"featured_media":1117,"template":"","meta":{"_gspb_post_css":""},"product_brand":[],"product_cat":[39],"product_tag":[1017,1018,1019],"class_list":{"0":"post-990","1":"product","2":"type-product","3":"status-publish","4":"has-post-thumbnail","6":"product_cat-silk-panties","7":"product_tag-16-momme-silk-panties-silver","8":"product_tag-mulberry-silk-panties-mid-rise","9":"product_tag-wholesale-silk-panties-for-daily-wear","11":"first","12":"instock","13":"featured","14":"shipping-taxable","15":"purchasable","16":"product-type-simple"},"_links":{"self":[{"href":"https:\/\/silk-pajamas.com\/it\/wp-json\/wp\/v2\/product\/990","targetHints":{"allow":["GET"]}}],"collection":[{"href":"https:\/\/silk-pajamas.com\/it\/wp-json\/wp\/v2\/product"}],"about":[{"href":"https:\/\/silk-pajamas.com\/it\/wp-json\/wp\/v2\/types\/product"}],"wp:featuredmedia":[{"embeddable":true,"href":"https:\/\/silk-pajamas.com\/it\/wp-json\/wp\/v2\/media\/1117"}],"wp:attachment":[{"href":"https:\/\/silk-pajamas.com\/it\/wp-json\/wp\/v2\/media?parent=990"}],"wp:term":[{"taxonomy":"product_brand","embeddable":true,"href":"https:\/\/silk-pajamas.com\/it\/wp-json\/wp\/v2\/product_brand?post=990"},{"taxonomy":"product_cat","embeddable":true,"href":"https:\/\/silk-pajamas.com\/it\/wp-json\/wp\/v2\/product_cat?post=990"},{"taxonomy":"product_tag","embeddable":true,"href":"https:\/\/silk-pajamas.com\/it\/wp-json\/wp\/v2\/product_tag?post=990"}],"curies":[{"name":"wp","href":"https:\/\/api.w.org\/{rel}","templated":true}]}}