{"id":994,"date":"2026-04-12T15:43:49","date_gmt":"2026-04-12T15:43:49","guid":{"rendered":"https:\/\/silk-pajamas.com\/16-momme-stretch-silk-mulberry-silk-panties-seamless-rose\/"},"modified":"2026-04-16T07:34:27","modified_gmt":"2026-04-16T07:34:27","slug":"16-momme-stretch-silk-mulberry-silk-panties-seamless-rose","status":"publish","type":"product","link":"https:\/\/silk-pajamas.com\/it\/16-momme-stretch-silk-mulberry-silk-panties-seamless-rose\/","title":{"rendered":"16 Momme Mutandine in seta elasticizzata di gelso senza cuciture Rosa"},"content":{"rendered":"<p>Questo slip in seta \u00e8 realizzato in seta elasticizzata 16 momme in tonalit\u00e0 rosa. \u00c8 privo di cuciture, ha una mano liscia e un drappeggio confortevole per l'abbigliamento quotidiano. Questo modello \u00e8 adatto alle taglie XL, XXL, 3XL e 4XL e si presta bene per essere indossato in primavera, regalato e indossato quotidianamente. Lavare a mano a freddo o con un ciclo delicato.<\/p>","protected":false},"excerpt":{"rendered":"<p>16 Slip Momme Stretch Silk in seta rosa. Finitura senza cuciture, sensazione di leggerezza e gamma di taglie XL, XXL, 3XL, 4XL. Ideato per essere indossato tutti i giorni.<\/p>","protected":false},"featured_media":1129,"template":"","meta":{"_gspb_post_css":""},"product_brand":[],"product_cat":[39],"product_tag":[1029,1030,1028],"class_list":{"0":"post-994","1":"product","2":"type-product","3":"status-publish","4":"has-post-thumbnail","6":"product_cat-silk-panties","7":"product_tag-16-momme-silk-panties-rose","8":"product_tag-stretch-silk-silk-panties-seamless","9":"product_tag-supplier-silk-panties-for-daily-wear","11":"first","12":"instock","13":"shipping-taxable","14":"purchasable","15":"product-type-simple"},"_links":{"self":[{"href":"https:\/\/silk-pajamas.com\/it\/wp-json\/wp\/v2\/product\/994","targetHints":{"allow":["GET"]}}],"collection":[{"href":"https:\/\/silk-pajamas.com\/it\/wp-json\/wp\/v2\/product"}],"about":[{"href":"https:\/\/silk-pajamas.com\/it\/wp-json\/wp\/v2\/types\/product"}],"wp:featuredmedia":[{"embeddable":true,"href":"https:\/\/silk-pajamas.com\/it\/wp-json\/wp\/v2\/media\/1129"}],"wp:attachment":[{"href":"https:\/\/silk-pajamas.com\/it\/wp-json\/wp\/v2\/media?parent=994"}],"wp:term":[{"taxonomy":"product_brand","embeddable":true,"href":"https:\/\/silk-pajamas.com\/it\/wp-json\/wp\/v2\/product_brand?post=994"},{"taxonomy":"product_cat","embeddable":true,"href":"https:\/\/silk-pajamas.com\/it\/wp-json\/wp\/v2\/product_cat?post=994"},{"taxonomy":"product_tag","embeddable":true,"href":"https:\/\/silk-pajamas.com\/it\/wp-json\/wp\/v2\/product_tag?post=994"}],"curies":[{"name":"wp","href":"https:\/\/api.w.org\/{rel}","templated":true}]}}