{"id":999,"date":"2026-04-12T15:43:50","date_gmt":"2026-04-12T15:43:50","guid":{"rendered":"https:\/\/silk-pajamas.com\/22-momme-stretch-silk-mulberry-silk-panties-lace-trim-silver\/"},"modified":"2026-04-16T06:59:23","modified_gmt":"2026-04-16T06:59:23","slug":"22-momme-stretch-silk-mulberry-silk-panties-lace-trim-silver","status":"publish","type":"product","link":"https:\/\/silk-pajamas.com\/it\/22-momme-stretch-silk-mulberry-silk-panties-lace-trim-silver\/","title":{"rendered":"22 Momme Mutandine in seta elasticizzata di gelso con bordo in pizzo Argento"},"content":{"rendered":"<p>Questo slip in seta \u00e8 realizzato in seta elasticizzata 22 momme in tonalit\u00e0 argento. Presenta finiture in pizzo, una mano liscia e un drappeggio confortevole per le donne. Lo stile \u00e8 adatto alle taglie S, M, L, XL e si adatta bene a tutte le stagioni, ai regali e al comfort quotidiano. Lavare a mano a freddo o con un ciclo delicato.<\/p>","protected":false},"excerpt":{"rendered":"<p>22 Slip di seta Momme Stretch Silk in argento. Finitura in pizzo, sensazione di morbidezza e gamma di taglie S, M, L, XL. Ideato per le donne.<\/p>","protected":false},"featured_media":1059,"template":"","meta":{"_gspb_post_css":""},"product_brand":[],"product_cat":[39],"product_tag":[1039,1024,1040],"class_list":{"0":"post-999","1":"product","2":"type-product","3":"status-publish","4":"has-post-thumbnail","6":"product_cat-silk-panties","7":"product_tag-22-momme-silk-panties-silver","8":"product_tag-stretch-silk-silk-panties-lace-trim","9":"product_tag-vendor-silk-panties-for-women","11":"first","12":"instock","13":"shipping-taxable","14":"purchasable","15":"product-type-simple"},"_links":{"self":[{"href":"https:\/\/silk-pajamas.com\/it\/wp-json\/wp\/v2\/product\/999","targetHints":{"allow":["GET"]}}],"collection":[{"href":"https:\/\/silk-pajamas.com\/it\/wp-json\/wp\/v2\/product"}],"about":[{"href":"https:\/\/silk-pajamas.com\/it\/wp-json\/wp\/v2\/types\/product"}],"wp:featuredmedia":[{"embeddable":true,"href":"https:\/\/silk-pajamas.com\/it\/wp-json\/wp\/v2\/media\/1059"}],"wp:attachment":[{"href":"https:\/\/silk-pajamas.com\/it\/wp-json\/wp\/v2\/media?parent=999"}],"wp:term":[{"taxonomy":"product_brand","embeddable":true,"href":"https:\/\/silk-pajamas.com\/it\/wp-json\/wp\/v2\/product_brand?post=999"},{"taxonomy":"product_cat","embeddable":true,"href":"https:\/\/silk-pajamas.com\/it\/wp-json\/wp\/v2\/product_cat?post=999"},{"taxonomy":"product_tag","embeddable":true,"href":"https:\/\/silk-pajamas.com\/it\/wp-json\/wp\/v2\/product_tag?post=999"}],"curies":[{"name":"wp","href":"https:\/\/api.w.org\/{rel}","templated":true}]}}