{"id":1000,"date":"2026-04-12T15:43:50","date_gmt":"2026-04-12T15:43:50","guid":{"rendered":"https:\/\/silk-pajamas.com\/22-momme-stretch-silk-mulberry-silk-panties-seamless-pearl\/"},"modified":"2026-04-16T07:00:43","modified_gmt":"2026-04-16T07:00:43","slug":"22-momme-stretch-silk-mulberry-silk-panties-seamless-pearl","status":"publish","type":"product","link":"https:\/\/silk-pajamas.com\/pt\/22-momme-stretch-silk-mulberry-silk-panties-seamless-pearl\/","title":{"rendered":"22 Momme Stretch Silk Mulberry Silk Panties Seamless Pearl"},"content":{"rendered":"<p>Feita com seda el\u00e1stica de 22 momme, esta cueca de seda oferece um drapeado suave, uma sensa\u00e7\u00e3o suave na pele e um movimento elegante. A constru\u00e7\u00e3o sem costuras e a cor p\u00e9rola mant\u00eam o look polido para mulher. Dispon\u00edvel em XL, XXL, 3XL, 4XL. Lavar \u00e0 m\u00e3o a frio ou utilizar um ciclo suave.<\/p>","protected":false},"excerpt":{"rendered":"<p>22 cuecas Momme Stretch Silk em seda Pearl. Acabamento sem costuras, toque suave e gama de tamanhos XL, XXL, 3XL, 4XL. Concebido para as mulheres.<\/p>","protected":false},"featured_media":1061,"template":"","meta":{"_gspb_post_css":""},"product_brand":[],"product_cat":[39],"product_tag":[1041,1030,1042],"class_list":{"0":"post-1000","1":"product","2":"type-product","3":"status-publish","4":"has-post-thumbnail","6":"product_cat-silk-panties","7":"product_tag-22-momme-silk-panties-pearl","8":"product_tag-stretch-silk-silk-panties-seamless","9":"product_tag-wholesale-silk-panties-for-women","11":"first","12":"instock","13":"featured","14":"shipping-taxable","15":"purchasable","16":"product-type-simple"},"_links":{"self":[{"href":"https:\/\/silk-pajamas.com\/pt\/wp-json\/wp\/v2\/product\/1000","targetHints":{"allow":["GET"]}}],"collection":[{"href":"https:\/\/silk-pajamas.com\/pt\/wp-json\/wp\/v2\/product"}],"about":[{"href":"https:\/\/silk-pajamas.com\/pt\/wp-json\/wp\/v2\/types\/product"}],"wp:featuredmedia":[{"embeddable":true,"href":"https:\/\/silk-pajamas.com\/pt\/wp-json\/wp\/v2\/media\/1061"}],"wp:attachment":[{"href":"https:\/\/silk-pajamas.com\/pt\/wp-json\/wp\/v2\/media?parent=1000"}],"wp:term":[{"taxonomy":"product_brand","embeddable":true,"href":"https:\/\/silk-pajamas.com\/pt\/wp-json\/wp\/v2\/product_brand?post=1000"},{"taxonomy":"product_cat","embeddable":true,"href":"https:\/\/silk-pajamas.com\/pt\/wp-json\/wp\/v2\/product_cat?post=1000"},{"taxonomy":"product_tag","embeddable":true,"href":"https:\/\/silk-pajamas.com\/pt\/wp-json\/wp\/v2\/product_tag?post=1000"}],"curies":[{"name":"wp","href":"https:\/\/api.w.org\/{rel}","templated":true}]}}