{"id":1001,"date":"2026-04-12T15:43:50","date_gmt":"2026-04-12T15:43:50","guid":{"rendered":"https:\/\/silk-pajamas.com\/19-momme-charmeuse-mulberry-silk-panties-french-cut-blush\/"},"modified":"2026-04-16T07:02:00","modified_gmt":"2026-04-16T07:02:00","slug":"19-momme-charmeuse-mulberry-silk-panties-french-cut-blush","status":"publish","type":"product","link":"https:\/\/silk-pajamas.com\/pt\/19-momme-charmeuse-mulberry-silk-panties-french-cut-blush\/","title":{"rendered":"19 Momme Charmeuse Mulberry Silk Panties French Cut Blush"},"content":{"rendered":"<p>Esta cueca de seda \u00e9 confeccionada em seda momme charmeuse 19 num tom de blush. Apresenta um corte franc\u00eas, um toque suave e um drapeado confort\u00e1vel para uso di\u00e1rio. O estilo \u00e9 compat\u00edvel com os tamanhos S, M, L, XL e funciona bem para usar no ver\u00e3o, para oferecer e para o conforto di\u00e1rio. Lavar \u00e0 m\u00e3o a frio ou utilizar um ciclo suave.<\/p>","protected":false},"excerpt":{"rendered":"<p>19 Cuecas em seda Momme Charmeuse em Blush. Acabamento French Cut, toque suave e gama de tamanhos S, M, L, XL. Concebidas para uso di\u00e1rio.<\/p>","protected":false},"featured_media":1067,"template":"","meta":{"_gspb_post_css":""},"product_brand":[],"product_cat":[39],"product_tag":[1043,1044,1025],"class_list":{"0":"post-1001","1":"product","2":"type-product","3":"status-publish","4":"has-post-thumbnail","6":"product_cat-silk-panties","7":"product_tag-19-momme-silk-panties-blush","8":"product_tag-charmeuse-silk-panties-french-cut","9":"product_tag-vendor-silk-panties-for-daily-wear","11":"first","12":"instock","13":"shipping-taxable","14":"purchasable","15":"product-type-simple"},"_links":{"self":[{"href":"https:\/\/silk-pajamas.com\/pt\/wp-json\/wp\/v2\/product\/1001","targetHints":{"allow":["GET"]}}],"collection":[{"href":"https:\/\/silk-pajamas.com\/pt\/wp-json\/wp\/v2\/product"}],"about":[{"href":"https:\/\/silk-pajamas.com\/pt\/wp-json\/wp\/v2\/types\/product"}],"wp:featuredmedia":[{"embeddable":true,"href":"https:\/\/silk-pajamas.com\/pt\/wp-json\/wp\/v2\/media\/1067"}],"wp:attachment":[{"href":"https:\/\/silk-pajamas.com\/pt\/wp-json\/wp\/v2\/media?parent=1001"}],"wp:term":[{"taxonomy":"product_brand","embeddable":true,"href":"https:\/\/silk-pajamas.com\/pt\/wp-json\/wp\/v2\/product_brand?post=1001"},{"taxonomy":"product_cat","embeddable":true,"href":"https:\/\/silk-pajamas.com\/pt\/wp-json\/wp\/v2\/product_cat?post=1001"},{"taxonomy":"product_tag","embeddable":true,"href":"https:\/\/silk-pajamas.com\/pt\/wp-json\/wp\/v2\/product_tag?post=1001"}],"curies":[{"name":"wp","href":"https:\/\/api.w.org\/{rel}","templated":true}]}}