{"id":1002,"date":"2026-04-12T15:43:50","date_gmt":"2026-04-12T15:43:50","guid":{"rendered":"https:\/\/silk-pajamas.com\/19-momme-sandwashed-mulberry-silk-panties-lace-trim-emerald\/"},"modified":"2026-04-16T07:04:31","modified_gmt":"2026-04-16T07:04:31","slug":"19-momme-sandwashed-mulberry-silk-panties-lace-trim-emerald","status":"publish","type":"product","link":"https:\/\/silk-pajamas.com\/pt\/19-momme-sandwashed-mulberry-silk-panties-lace-trim-emerald\/","title":{"rendered":"19 Momme Calcinhas de seda amora com barra de renda Esmeralda"},"content":{"rendered":"<p>Feitas com seda de 19 momme, estas cuecas de seda s\u00e3o resistentes \u00e0s rugas, t\u00eam um toque suave na pele e um movimento elegante. A constru\u00e7\u00e3o com acabamento em renda e a cor esmeralda mant\u00eam o visual polido para uso di\u00e1rio. Dispon\u00edvel em XL, XXL, 3XL, 4XL. Lavar \u00e0 m\u00e3o a frio ou utilizar um ciclo suave.<\/p>","protected":false},"excerpt":{"rendered":"<p>19 Cuecas de seda Momme Sandwashed em esmeralda. Acabamento em renda, toque resistente \u00e0s rugas e tamanhos XL, XXL, 3XL, 4XL. Concebidas para uso di\u00e1rio.<\/p>","protected":false},"featured_media":1070,"template":"","meta":{"_gspb_post_css":""},"product_brand":[],"product_cat":[39],"product_tag":[1045,1046,1019],"class_list":{"0":"post-1002","1":"product","2":"type-product","3":"status-publish","4":"has-post-thumbnail","6":"product_cat-silk-panties","7":"product_tag-19-momme-silk-panties-emerald","8":"product_tag-sandwashed-silk-panties-lace-trim","9":"product_tag-wholesale-silk-panties-for-daily-wear","11":"first","12":"instock","13":"shipping-taxable","14":"purchasable","15":"product-type-simple"},"_links":{"self":[{"href":"https:\/\/silk-pajamas.com\/pt\/wp-json\/wp\/v2\/product\/1002","targetHints":{"allow":["GET"]}}],"collection":[{"href":"https:\/\/silk-pajamas.com\/pt\/wp-json\/wp\/v2\/product"}],"about":[{"href":"https:\/\/silk-pajamas.com\/pt\/wp-json\/wp\/v2\/types\/product"}],"wp:featuredmedia":[{"embeddable":true,"href":"https:\/\/silk-pajamas.com\/pt\/wp-json\/wp\/v2\/media\/1070"}],"wp:attachment":[{"href":"https:\/\/silk-pajamas.com\/pt\/wp-json\/wp\/v2\/media?parent=1002"}],"wp:term":[{"taxonomy":"product_brand","embeddable":true,"href":"https:\/\/silk-pajamas.com\/pt\/wp-json\/wp\/v2\/product_brand?post=1002"},{"taxonomy":"product_cat","embeddable":true,"href":"https:\/\/silk-pajamas.com\/pt\/wp-json\/wp\/v2\/product_cat?post=1002"},{"taxonomy":"product_tag","embeddable":true,"href":"https:\/\/silk-pajamas.com\/pt\/wp-json\/wp\/v2\/product_tag?post=1002"}],"curies":[{"name":"wp","href":"https:\/\/api.w.org\/{rel}","templated":true}]}}