{"id":1003,"date":"2026-04-12T15:43:50","date_gmt":"2026-04-12T15:43:50","guid":{"rendered":"https:\/\/silk-pajamas.com\/19-momme-stretch-silk-mulberry-silk-panties-french-cut-pearl\/"},"modified":"2026-04-16T07:06:33","modified_gmt":"2026-04-16T07:06:33","slug":"19-momme-stretch-silk-mulberry-silk-panties-french-cut-pearl","status":"publish","type":"product","link":"https:\/\/silk-pajamas.com\/pt\/19-momme-stretch-silk-mulberry-silk-panties-french-cut-pearl\/","title":{"rendered":"19 Momme Stretch Silk Mulberry Silk Panties French Cut Pearl"},"content":{"rendered":"<p>Feita com seda 19 momme stretch, esta cueca de seda oferece um toque leve e suave na pele e um movimento elegante. A constru\u00e7\u00e3o de corte franc\u00eas e a cor p\u00e9rola mant\u00eam o visual polido para mulher. Dispon\u00edvel em XL, XXL, 3XL, 4XL. Lavar \u00e0 m\u00e3o a frio ou utilizar um ciclo suave.<\/p>","protected":false},"excerpt":{"rendered":"<p>19 Cuecas Momme Stretch Silk em seda P\u00e9rola. Acabamento French Cut, toque leve e gama de tamanhos XL, XXL, 3XL, 4XL. Concebido para as mulheres.<\/p>","protected":false},"featured_media":1074,"template":"","meta":{"_gspb_post_css":""},"product_brand":[],"product_cat":[39],"product_tag":[1047,1048,1036],"class_list":{"0":"post-1003","1":"product","2":"type-product","3":"status-publish","4":"has-post-thumbnail","6":"product_cat-silk-panties","7":"product_tag-19-momme-silk-panties-pearl","8":"product_tag-factory-silk-panties-for-women","9":"product_tag-stretch-silk-silk-panties-french-cut","11":"first","12":"instock","13":"shipping-taxable","14":"purchasable","15":"product-type-simple"},"_links":{"self":[{"href":"https:\/\/silk-pajamas.com\/pt\/wp-json\/wp\/v2\/product\/1003","targetHints":{"allow":["GET"]}}],"collection":[{"href":"https:\/\/silk-pajamas.com\/pt\/wp-json\/wp\/v2\/product"}],"about":[{"href":"https:\/\/silk-pajamas.com\/pt\/wp-json\/wp\/v2\/types\/product"}],"wp:featuredmedia":[{"embeddable":true,"href":"https:\/\/silk-pajamas.com\/pt\/wp-json\/wp\/v2\/media\/1074"}],"wp:attachment":[{"href":"https:\/\/silk-pajamas.com\/pt\/wp-json\/wp\/v2\/media?parent=1003"}],"wp:term":[{"taxonomy":"product_brand","embeddable":true,"href":"https:\/\/silk-pajamas.com\/pt\/wp-json\/wp\/v2\/product_brand?post=1003"},{"taxonomy":"product_cat","embeddable":true,"href":"https:\/\/silk-pajamas.com\/pt\/wp-json\/wp\/v2\/product_cat?post=1003"},{"taxonomy":"product_tag","embeddable":true,"href":"https:\/\/silk-pajamas.com\/pt\/wp-json\/wp\/v2\/product_tag?post=1003"}],"curies":[{"name":"wp","href":"https:\/\/api.w.org\/{rel}","templated":true}]}}