{"id":1005,"date":"2026-04-12T15:43:50","date_gmt":"2026-04-12T15:43:50","guid":{"rendered":"https:\/\/silk-pajamas.com\/19-momme-charmeuse-mulberry-silk-panties-stretch-fit-lilac\/"},"modified":"2026-04-16T07:10:23","modified_gmt":"2026-04-16T07:10:23","slug":"19-momme-charmeuse-mulberry-silk-panties-stretch-fit-lilac","status":"publish","type":"product","link":"https:\/\/silk-pajamas.com\/pt\/19-momme-charmeuse-mulberry-silk-panties-stretch-fit-lilac\/","title":{"rendered":"19 Momme Charmeuse Mulberry Silk Panties Stretch Fit Lilac"},"content":{"rendered":"<p>Confeccionadas em seda momme charmeuse 19, estas cuecas de seda combinam detalhes de ajuste el\u00e1stico com um brilho suave e um toque respir\u00e1vel. O acabamento lil\u00e1s confere-lhe um aspeto requintado, enquanto os tamanhos S, M, L, XL ajudam a cobrir as necessidades b\u00e1sicas. Adequadas para uso di\u00e1rio e para os guarda-roupas de outono. Lavar \u00e0 m\u00e3o a frio ou utilizar um ciclo suave.<\/p>","protected":false},"excerpt":{"rendered":"<p>19 Cuecas Momme Charmeuse em seda lil\u00e1s. Acabamento Stretch Fit, toque suave e gama de tamanhos S, M, L, XL. Concebidas para uso di\u00e1rio.<\/p>","protected":false},"featured_media":1081,"template":"","meta":{"_gspb_post_css":""},"product_brand":[],"product_cat":[39],"product_tag":[1051,1021,1052],"class_list":{"0":"post-1005","1":"product","2":"type-product","3":"status-publish","4":"has-post-thumbnail","6":"product_cat-silk-panties","7":"product_tag-19-momme-silk-panties-lilac","8":"product_tag-charmeuse-silk-panties-stretch-fit","9":"product_tag-manufacturer-silk-panties-for-daily-wear","11":"first","12":"instock","13":"featured","14":"shipping-taxable","15":"purchasable","16":"product-type-simple"},"_links":{"self":[{"href":"https:\/\/silk-pajamas.com\/pt\/wp-json\/wp\/v2\/product\/1005","targetHints":{"allow":["GET"]}}],"collection":[{"href":"https:\/\/silk-pajamas.com\/pt\/wp-json\/wp\/v2\/product"}],"about":[{"href":"https:\/\/silk-pajamas.com\/pt\/wp-json\/wp\/v2\/types\/product"}],"wp:featuredmedia":[{"embeddable":true,"href":"https:\/\/silk-pajamas.com\/pt\/wp-json\/wp\/v2\/media\/1081"}],"wp:attachment":[{"href":"https:\/\/silk-pajamas.com\/pt\/wp-json\/wp\/v2\/media?parent=1005"}],"wp:term":[{"taxonomy":"product_brand","embeddable":true,"href":"https:\/\/silk-pajamas.com\/pt\/wp-json\/wp\/v2\/product_brand?post=1005"},{"taxonomy":"product_cat","embeddable":true,"href":"https:\/\/silk-pajamas.com\/pt\/wp-json\/wp\/v2\/product_cat?post=1005"},{"taxonomy":"product_tag","embeddable":true,"href":"https:\/\/silk-pajamas.com\/pt\/wp-json\/wp\/v2\/product_tag?post=1005"}],"curies":[{"name":"wp","href":"https:\/\/api.w.org\/{rel}","templated":true}]}}