{"id":1009,"date":"2026-04-12T15:43:51","date_gmt":"2026-04-12T15:43:51","guid":{"rendered":"https:\/\/silk-pajamas.com\/22-momme-stretch-silk-panties-mid-rise-rose-manufacturer\/"},"modified":"2026-04-16T06:40:24","modified_gmt":"2026-04-16T06:40:24","slug":"22-momme-stretch-silk-panties-mid-rise-rose-manufacturer","status":"publish","type":"product","link":"https:\/\/silk-pajamas.com\/pt\/22-momme-stretch-silk-panties-mid-rise-rose-manufacturer\/","title":{"rendered":"22 Momme Calcinhas de seda el\u00e1sticas Mid Rise Rose Fabricante"},"content":{"rendered":"<p>Feitas com seda 22 momme stretch, estas cuecas de seda oferecem uma sensa\u00e7\u00e3o de pele respir\u00e1vel e suave e um movimento elegante. A constru\u00e7\u00e3o de cintura m\u00e9dia e a cor rosa mant\u00eam o visual polido para os guarda-roupas de noiva. Dispon\u00edvel em Personalizado. Lavar \u00e0 m\u00e3o a frio ou utilizar um ciclo suave.<\/p>","protected":false},"excerpt":{"rendered":"<p>22 Cuecas Momme Stretch Silk em seda rosa. Acabamento Mid Rise, toque respir\u00e1vel e gama de tamanhos Custom. Concebidas para o guarda-roupa das noivas.<\/p>","protected":false},"featured_media":1024,"template":"","meta":{"_gspb_post_css":""},"product_brand":[],"product_cat":[39],"product_tag":[1058,1060,1059],"class_list":{"0":"post-1009","1":"product","2":"type-product","3":"status-publish","4":"has-post-thumbnail","6":"product_cat-silk-panties","7":"product_tag-22-momme-silk-panties-rose","8":"product_tag-manufacturer-silk-panties-for-bridal-wardrobes","9":"product_tag-stretch-silk-silk-panties-mid-rise","11":"first","12":"instock","13":"shipping-taxable","14":"purchasable","15":"product-type-simple"},"_links":{"self":[{"href":"https:\/\/silk-pajamas.com\/pt\/wp-json\/wp\/v2\/product\/1009","targetHints":{"allow":["GET"]}}],"collection":[{"href":"https:\/\/silk-pajamas.com\/pt\/wp-json\/wp\/v2\/product"}],"about":[{"href":"https:\/\/silk-pajamas.com\/pt\/wp-json\/wp\/v2\/types\/product"}],"wp:featuredmedia":[{"embeddable":true,"href":"https:\/\/silk-pajamas.com\/pt\/wp-json\/wp\/v2\/media\/1024"}],"wp:attachment":[{"href":"https:\/\/silk-pajamas.com\/pt\/wp-json\/wp\/v2\/media?parent=1009"}],"wp:term":[{"taxonomy":"product_brand","embeddable":true,"href":"https:\/\/silk-pajamas.com\/pt\/wp-json\/wp\/v2\/product_brand?post=1009"},{"taxonomy":"product_cat","embeddable":true,"href":"https:\/\/silk-pajamas.com\/pt\/wp-json\/wp\/v2\/product_cat?post=1009"},{"taxonomy":"product_tag","embeddable":true,"href":"https:\/\/silk-pajamas.com\/pt\/wp-json\/wp\/v2\/product_tag?post=1009"}],"curies":[{"name":"wp","href":"https:\/\/api.w.org\/{rel}","templated":true}]}}