{"id":1014,"date":"2026-04-12T15:43:51","date_gmt":"2026-04-12T15:43:51","guid":{"rendered":"https:\/\/silk-pajamas.com\/22-momme-sandwashed-silk-panties-seamless-sky-blue\/"},"modified":"2026-04-16T06:49:32","modified_gmt":"2026-04-16T06:49:32","slug":"22-momme-sandwashed-silk-panties-seamless-sky-blue","status":"publish","type":"product","link":"https:\/\/silk-pajamas.com\/pt\/22-momme-sandwashed-silk-panties-seamless-sky-blue\/","title":{"rendered":"22 Momme Calcinhas de seda com barra sem costura Azul celeste"},"content":{"rendered":"<p>Esta cueca de seda \u00e9 confeccionada em seda 22 momme com acabamento em areia num tom azul celeste. Apresenta um toque suave, sem costuras, e um drapeado confort\u00e1vel para mulher. O estilo \u00e9 compat\u00edvel com os tamanhos M, L, XL, XXL e funciona bem para usar na primavera, para oferecer e para o conforto di\u00e1rio. Lavar \u00e0 m\u00e3o a frio ou utilizar um ciclo suave.<\/p>","protected":false},"excerpt":{"rendered":"<p>22 Cuecas de seda Momme Sandwashed em azul celeste. Acabamento sem costuras, toque termo-regulador e gama de tamanhos M, L, XL, XXL. Concebido para as mulheres.<\/p>","protected":false},"featured_media":1041,"template":"","meta":{"_gspb_post_css":""},"product_brand":[],"product_cat":[39],"product_tag":[1064,1065,1042],"class_list":{"0":"post-1014","1":"product","2":"type-product","3":"status-publish","4":"has-post-thumbnail","6":"product_cat-silk-panties","7":"product_tag-22-momme-silk-panties-sky-blue","8":"product_tag-sandwashed-silk-panties-seamless","9":"product_tag-wholesale-silk-panties-for-women","11":"first","12":"instock","13":"shipping-taxable","14":"purchasable","15":"product-type-simple"},"_links":{"self":[{"href":"https:\/\/silk-pajamas.com\/pt\/wp-json\/wp\/v2\/product\/1014","targetHints":{"allow":["GET"]}}],"collection":[{"href":"https:\/\/silk-pajamas.com\/pt\/wp-json\/wp\/v2\/product"}],"about":[{"href":"https:\/\/silk-pajamas.com\/pt\/wp-json\/wp\/v2\/types\/product"}],"wp:featuredmedia":[{"embeddable":true,"href":"https:\/\/silk-pajamas.com\/pt\/wp-json\/wp\/v2\/media\/1041"}],"wp:attachment":[{"href":"https:\/\/silk-pajamas.com\/pt\/wp-json\/wp\/v2\/media?parent=1014"}],"wp:term":[{"taxonomy":"product_brand","embeddable":true,"href":"https:\/\/silk-pajamas.com\/pt\/wp-json\/wp\/v2\/product_brand?post=1014"},{"taxonomy":"product_cat","embeddable":true,"href":"https:\/\/silk-pajamas.com\/pt\/wp-json\/wp\/v2\/product_cat?post=1014"},{"taxonomy":"product_tag","embeddable":true,"href":"https:\/\/silk-pajamas.com\/pt\/wp-json\/wp\/v2\/product_tag?post=1014"}],"curies":[{"name":"wp","href":"https:\/\/api.w.org\/{rel}","templated":true}]}}