{"id":534,"date":"2026-04-12T15:43:00","date_gmt":"2026-04-12T15:43:00","guid":{"rendered":"https:\/\/silk-pajamas.com\/16-momme-charmeuse-silk-camisole-set-french-seam-leopard\/"},"modified":"2026-05-09T10:28:35","modified_gmt":"2026-05-09T10:28:35","slug":"16-momme-charmeuse-silk-camisole-set-french-seam-leopard","status":"publish","type":"product","link":"https:\/\/silk-pajamas.com\/pt\/16-momme-charmeuse-silk-camisole-set-french-seam-leopard\/","title":{"rendered":"16 Momme Charmeuse Silk Camisole Set French Seam Leopard"},"content":{"rendered":"<p>Confeccionado em seda momme charmeuse 16, este conjunto de dormir de duas pe\u00e7as combina detalhes de costura francesa com um brilho suave e um toque respir\u00e1vel. O acabamento em leopardo confere-lhe um aspeto requintado, enquanto os tamanhos XS, S, M, L, XL ajudam a cobrir as necessidades b\u00e1sicas. Adequado para a utiliza\u00e7\u00e3o quotidiana na sala de estar e para o guarda-roupa de outono. Lavar \u00e0 m\u00e3o a frio ou utilizar um ciclo suave.<\/p>","protected":false},"excerpt":{"rendered":"<p>Conjunto de dormir de duas pe\u00e7as em seda Momme Charmeuse 16 em Leopardo. Acabamento com costura francesa, toque resistente a rugas e gama de tamanhos XS, S, M, L, XL. Concebido para o uso quotidiano.<\/p>","protected":false},"featured_media":2420,"template":"","meta":{"_gspb_post_css":""},"product_brand":[],"product_cat":[22],"product_tag":[48,49,50],"class_list":{"0":"post-534","1":"product","2":"type-product","3":"status-publish","4":"has-post-thumbnail","6":"product_cat-silk-camisole-sets","7":"product_tag-16-momme-silk-camisole-set-leopard","8":"product_tag-charmeuse-silk-camisole-set-french-seam","9":"product_tag-factory-silk-camisole-set-for-everyday-lounge-wear","11":"first","12":"instock","13":"shipping-taxable","14":"purchasable","15":"product-type-simple"},"_links":{"self":[{"href":"https:\/\/silk-pajamas.com\/pt\/wp-json\/wp\/v2\/product\/534","targetHints":{"allow":["GET"]}}],"collection":[{"href":"https:\/\/silk-pajamas.com\/pt\/wp-json\/wp\/v2\/product"}],"about":[{"href":"https:\/\/silk-pajamas.com\/pt\/wp-json\/wp\/v2\/types\/product"}],"wp:featuredmedia":[{"embeddable":true,"href":"https:\/\/silk-pajamas.com\/pt\/wp-json\/wp\/v2\/media\/2420"}],"wp:attachment":[{"href":"https:\/\/silk-pajamas.com\/pt\/wp-json\/wp\/v2\/media?parent=534"}],"wp:term":[{"taxonomy":"product_brand","embeddable":true,"href":"https:\/\/silk-pajamas.com\/pt\/wp-json\/wp\/v2\/product_brand?post=534"},{"taxonomy":"product_cat","embeddable":true,"href":"https:\/\/silk-pajamas.com\/pt\/wp-json\/wp\/v2\/product_cat?post=534"},{"taxonomy":"product_tag","embeddable":true,"href":"https:\/\/silk-pajamas.com\/pt\/wp-json\/wp\/v2\/product_tag?post=534"}],"curies":[{"name":"wp","href":"https:\/\/api.w.org\/{rel}","templated":true}]}}