{"id":537,"date":"2026-04-12T15:43:00","date_gmt":"2026-04-12T15:43:00","guid":{"rendered":"https:\/\/silk-pajamas.com\/22-momme-silk-cami-shorts-set-french-seam-champagne-reach\/"},"modified":"2026-05-09T10:56:59","modified_gmt":"2026-05-09T10:56:59","slug":"22-momme-silk-cami-shorts-set-french-seam-champagne-reach","status":"publish","type":"product","link":"https:\/\/silk-pajamas.com\/pt\/22-momme-silk-cami-shorts-set-french-seam-champagne-reach\/","title":{"rendered":"22 Momme Silk Cami Shorts Set French Seam Champagne REACH"},"content":{"rendered":"<p>Este conjunto de dormir de duas pe\u00e7as \u00e9 feito de seda 22 momme em tom champanhe. Apresenta costuras francesas, um toque suave e um drapeado confort\u00e1vel para uma utiliza\u00e7\u00e3o quotidiana na sala de estar. O estilo suporta tamanhos personalizados e funciona bem para todas as esta\u00e7\u00f5es, para presentear e para o conforto di\u00e1rio. Lavar \u00e0 m\u00e3o a frio ou utilizar um ciclo suave.<\/p>","protected":false},"excerpt":{"rendered":"<p>Conjunto de dormir de duas pe\u00e7as em seda 22 Momme Sandwashed em Champanhe. Acabamento French Seam, toque termo-regulador e gama de tamanhos Custom. Concebido para o uso quotidiano.<\/p>","protected":false},"featured_media":2563,"template":"","meta":{"_gspb_post_css":""},"product_brand":[],"product_cat":[22],"product_tag":[57,50,58],"class_list":{"0":"post-537","1":"product","2":"type-product","3":"status-publish","4":"has-post-thumbnail","6":"product_cat-silk-camisole-sets","7":"product_tag-22-momme-silk-camisole-set-champagne","8":"product_tag-factory-silk-camisole-set-for-everyday-lounge-wear","9":"product_tag-sandwashed-silk-camisole-set-french-seam","11":"first","12":"instock","13":"featured","14":"shipping-taxable","15":"purchasable","16":"product-type-simple"},"_links":{"self":[{"href":"https:\/\/silk-pajamas.com\/pt\/wp-json\/wp\/v2\/product\/537","targetHints":{"allow":["GET"]}}],"collection":[{"href":"https:\/\/silk-pajamas.com\/pt\/wp-json\/wp\/v2\/product"}],"about":[{"href":"https:\/\/silk-pajamas.com\/pt\/wp-json\/wp\/v2\/types\/product"}],"wp:featuredmedia":[{"embeddable":true,"href":"https:\/\/silk-pajamas.com\/pt\/wp-json\/wp\/v2\/media\/2563"}],"wp:attachment":[{"href":"https:\/\/silk-pajamas.com\/pt\/wp-json\/wp\/v2\/media?parent=537"}],"wp:term":[{"taxonomy":"product_brand","embeddable":true,"href":"https:\/\/silk-pajamas.com\/pt\/wp-json\/wp\/v2\/product_brand?post=537"},{"taxonomy":"product_cat","embeddable":true,"href":"https:\/\/silk-pajamas.com\/pt\/wp-json\/wp\/v2\/product_cat?post=537"},{"taxonomy":"product_tag","embeddable":true,"href":"https:\/\/silk-pajamas.com\/pt\/wp-json\/wp\/v2\/product_tag?post=537"}],"curies":[{"name":"wp","href":"https:\/\/api.w.org\/{rel}","templated":true}]}}