{"id":538,"date":"2026-04-12T15:43:01","date_gmt":"2026-04-12T15:43:01","guid":{"rendered":"https:\/\/silk-pajamas.com\/22-momme-sandwashed-silk-camisole-set-bias-cut-rose-supplier\/"},"modified":"2026-05-09T10:03:22","modified_gmt":"2026-05-09T10:03:22","slug":"22-momme-sandwashed-silk-camisole-set-bias-cut-rose-supplier","status":"publish","type":"product","link":"https:\/\/silk-pajamas.com\/pt\/22-momme-sandwashed-silk-camisole-set-bias-cut-rose-supplier\/","title":{"rendered":"22 Momme Camisola de seda com corte de seda com vi\u00e9s Rosa Fornecedor"},"content":{"rendered":"<p>Confeccionado em seda 22 momme, este conjunto de dormir de duas pe\u00e7as combina detalhes de corte enviesado com um brilho suave e um toque respir\u00e1vel. O acabamento em rosa confere-lhe um aspeto requintado, enquanto os tamanhos Custom ajudam a cobrir as principais necessidades. Adequado para roupeiros de noiva e roupeiros de primavera. Lavar \u00e0 m\u00e3o a frio ou utilizar um ciclo suave.<\/p>","protected":false},"excerpt":{"rendered":"<p>Conjunto de dormir de duas pe\u00e7as em seda 22 Momme Sandwashed em rosa. Acabamento Bias Cut, toque termo-regulador e gama de tamanhos Custom. Concebido para o guarda-roupa das noivas.<\/p>","protected":false},"featured_media":2458,"template":"","meta":{"_gspb_post_css":""},"product_brand":[],"product_cat":[22],"product_tag":[59,60,61],"class_list":{"0":"post-538","1":"product","2":"type-product","3":"status-publish","4":"has-post-thumbnail","6":"product_cat-silk-camisole-sets","7":"product_tag-22-momme-silk-camisole-set-rose","8":"product_tag-sandwashed-silk-camisole-set-bias-cut","9":"product_tag-vendor-silk-camisole-set-for-bridal-wardrobes","11":"first","12":"instock","13":"shipping-taxable","14":"purchasable","15":"product-type-simple"},"_links":{"self":[{"href":"https:\/\/silk-pajamas.com\/pt\/wp-json\/wp\/v2\/product\/538","targetHints":{"allow":["GET"]}}],"collection":[{"href":"https:\/\/silk-pajamas.com\/pt\/wp-json\/wp\/v2\/product"}],"about":[{"href":"https:\/\/silk-pajamas.com\/pt\/wp-json\/wp\/v2\/types\/product"}],"wp:featuredmedia":[{"embeddable":true,"href":"https:\/\/silk-pajamas.com\/pt\/wp-json\/wp\/v2\/media\/2458"}],"wp:attachment":[{"href":"https:\/\/silk-pajamas.com\/pt\/wp-json\/wp\/v2\/media?parent=538"}],"wp:term":[{"taxonomy":"product_brand","embeddable":true,"href":"https:\/\/silk-pajamas.com\/pt\/wp-json\/wp\/v2\/product_brand?post=538"},{"taxonomy":"product_cat","embeddable":true,"href":"https:\/\/silk-pajamas.com\/pt\/wp-json\/wp\/v2\/product_cat?post=538"},{"taxonomy":"product_tag","embeddable":true,"href":"https:\/\/silk-pajamas.com\/pt\/wp-json\/wp\/v2\/product_tag?post=538"}],"curies":[{"name":"wp","href":"https:\/\/api.w.org\/{rel}","templated":true}]}}