{"id":539,"date":"2026-04-12T15:43:01","date_gmt":"2026-04-12T15:43:01","guid":{"rendered":"https:\/\/silk-pajamas.com\/19-momme-sandwashed-silk-cami-shorts-set-contrast-trim-rose\/"},"modified":"2026-05-09T10:05:05","modified_gmt":"2026-05-09T10:05:05","slug":"19-momme-sandwashed-silk-cami-shorts-set-contrast-trim-rose","status":"publish","type":"product","link":"https:\/\/silk-pajamas.com\/pt\/19-momme-sandwashed-silk-cami-shorts-set-contrast-trim-rose\/","title":{"rendered":"19 Momme Conjunto de cal\u00e7\u00f5es de seda com barra de seda com rebordo em contraste Rosa"},"content":{"rendered":"<p>Este conjunto de dormir de duas pe\u00e7as \u00e9 feito de seda 19 momme em tom rosa. Apresenta acabamentos em contraste, um toque suave e um drapeado confort\u00e1vel para uma utiliza\u00e7\u00e3o quotidiana. O estilo \u00e9 compat\u00edvel com os tamanhos XS, S, M, L, XL e funciona bem para usar no ver\u00e3o, para oferecer e para o conforto di\u00e1rio. Lavar \u00e0 m\u00e3o a frio ou utilizar um ciclo suave.<\/p>","protected":false},"excerpt":{"rendered":"<p>19 Momme Conjunto de dormir de duas pe\u00e7as em seda Sandwashed em rosa. Acabamento com rebordo em contraste, toque suave e gama de tamanhos XS, S, M, L, XL. Concebido para o uso quotidiano.<\/p>","protected":false},"featured_media":2537,"template":"","meta":{"_gspb_post_css":""},"product_brand":[],"product_cat":[22],"product_tag":[62,63,64],"class_list":{"0":"post-539","1":"product","2":"type-product","3":"status-publish","4":"has-post-thumbnail","6":"product_cat-silk-camisole-sets","7":"product_tag-19-momme-silk-camisole-set-rose","8":"product_tag-sandwashed-silk-camisole-set-contrast-trim","9":"product_tag-wholesale-silk-camisole-set-for-everyday-lounge-wear","11":"first","12":"instock","13":"shipping-taxable","14":"purchasable","15":"product-type-simple"},"_links":{"self":[{"href":"https:\/\/silk-pajamas.com\/pt\/wp-json\/wp\/v2\/product\/539","targetHints":{"allow":["GET"]}}],"collection":[{"href":"https:\/\/silk-pajamas.com\/pt\/wp-json\/wp\/v2\/product"}],"about":[{"href":"https:\/\/silk-pajamas.com\/pt\/wp-json\/wp\/v2\/types\/product"}],"wp:featuredmedia":[{"embeddable":true,"href":"https:\/\/silk-pajamas.com\/pt\/wp-json\/wp\/v2\/media\/2537"}],"wp:attachment":[{"href":"https:\/\/silk-pajamas.com\/pt\/wp-json\/wp\/v2\/media?parent=539"}],"wp:term":[{"taxonomy":"product_brand","embeddable":true,"href":"https:\/\/silk-pajamas.com\/pt\/wp-json\/wp\/v2\/product_brand?post=539"},{"taxonomy":"product_cat","embeddable":true,"href":"https:\/\/silk-pajamas.com\/pt\/wp-json\/wp\/v2\/product_cat?post=539"},{"taxonomy":"product_tag","embeddable":true,"href":"https:\/\/silk-pajamas.com\/pt\/wp-json\/wp\/v2\/product_tag?post=539"}],"curies":[{"name":"wp","href":"https:\/\/api.w.org\/{rel}","templated":true}]}}