{"id":540,"date":"2026-04-12T15:43:01","date_gmt":"2026-04-12T15:43:01","guid":{"rendered":"https:\/\/silk-pajamas.com\/19-momme-crepe-silk-cami-shorts-set-contrast-trim-sky-blue\/"},"modified":"2026-05-09T10:06:36","modified_gmt":"2026-05-09T10:06:36","slug":"19-momme-crepe-silk-cami-shorts-set-contrast-trim-sky-blue","status":"publish","type":"product","link":"https:\/\/silk-pajamas.com\/pt\/19-momme-crepe-silk-cami-shorts-set-contrast-trim-sky-blue\/","title":{"rendered":"19 Momme Crepe Silk Cami Shorts Set Contrast Trim Sky Blue"},"content":{"rendered":"<p>Fabricado em crepe de seda momme 19, este conjunto de dormir de duas pe\u00e7as oferece um toque leve e suave na pele e um movimento elegante. A constru\u00e7\u00e3o com acabamentos em contraste e a cor azul-celeste mant\u00eam o visual polido para vestir em resort. Dispon\u00edvel em S, M, L, XL. Lavar \u00e0 m\u00e3o a frio ou utilizar um ciclo suave.<\/p>","protected":false},"excerpt":{"rendered":"<p>19 Conjunto de dormir de duas pe\u00e7as em seda Momme Crepe em azul celeste. Acabamento com acabamentos em contraste, toque leve e gama de tamanhos S, M, L, XL. Concebido para vestir em est\u00e2ncias balneares.<\/p>","protected":false},"featured_media":2539,"template":"","meta":{"_gspb_post_css":""},"product_brand":[],"product_cat":[22],"product_tag":[65,52,66],"class_list":{"0":"post-540","1":"product","2":"type-product","3":"status-publish","4":"has-post-thumbnail","6":"product_cat-silk-camisole-sets","7":"product_tag-19-momme-silk-camisole-set-sky-blue","8":"product_tag-crepe-silk-camisole-set-contrast-trim","9":"product_tag-manufacturer-silk-camisole-set-for-resort-dressing","11":"first","12":"instock","13":"shipping-taxable","14":"purchasable","15":"product-type-simple"},"_links":{"self":[{"href":"https:\/\/silk-pajamas.com\/pt\/wp-json\/wp\/v2\/product\/540","targetHints":{"allow":["GET"]}}],"collection":[{"href":"https:\/\/silk-pajamas.com\/pt\/wp-json\/wp\/v2\/product"}],"about":[{"href":"https:\/\/silk-pajamas.com\/pt\/wp-json\/wp\/v2\/types\/product"}],"wp:featuredmedia":[{"embeddable":true,"href":"https:\/\/silk-pajamas.com\/pt\/wp-json\/wp\/v2\/media\/2539"}],"wp:attachment":[{"href":"https:\/\/silk-pajamas.com\/pt\/wp-json\/wp\/v2\/media?parent=540"}],"wp:term":[{"taxonomy":"product_brand","embeddable":true,"href":"https:\/\/silk-pajamas.com\/pt\/wp-json\/wp\/v2\/product_brand?post=540"},{"taxonomy":"product_cat","embeddable":true,"href":"https:\/\/silk-pajamas.com\/pt\/wp-json\/wp\/v2\/product_cat?post=540"},{"taxonomy":"product_tag","embeddable":true,"href":"https:\/\/silk-pajamas.com\/pt\/wp-json\/wp\/v2\/product_tag?post=540"}],"curies":[{"name":"wp","href":"https:\/\/api.w.org\/{rel}","templated":true}]}}