{"id":541,"date":"2026-04-12T15:43:01","date_gmt":"2026-04-12T15:43:01","guid":{"rendered":"https:\/\/silk-pajamas.com\/16-momme-mulberry-silk-camisole-set-adjustable-strap-rose\/"},"modified":"2026-05-09T10:07:55","modified_gmt":"2026-05-09T10:07:55","slug":"16-momme-mulberry-silk-camisole-set-adjustable-strap-rose","status":"publish","type":"product","link":"https:\/\/silk-pajamas.com\/pt\/16-momme-mulberry-silk-camisole-set-adjustable-strap-rose\/","title":{"rendered":"16 Momme Mulberry Silk Camisole Set Al\u00e7a ajust\u00e1vel Rosa"},"content":{"rendered":"<p>Feito com seda de amora 16 momme, este conjunto de dormir de duas pe\u00e7as oferece um toque leve e suave na pele e um movimento elegante. A constru\u00e7\u00e3o com al\u00e7as ajust\u00e1veis e a cor rosa mant\u00eam o visual polido para as mulheres. Dispon\u00edvel em XS, S, M, L, XL. Lavar \u00e0 m\u00e3o a frio ou utilizar um ciclo suave.<\/p>","protected":false},"excerpt":{"rendered":"<p>16 Conjunto de dormir de duas pe\u00e7as em seda Momme Mulberry em rosa. Acabamento com al\u00e7a ajust\u00e1vel, toque leve e gama de tamanhos XS, S, M, L, XL. Concebido para as mulheres.<\/p>","protected":false},"featured_media":2540,"template":"","meta":{"_gspb_post_css":""},"product_brand":[],"product_cat":[22],"product_tag":[67,68,69],"class_list":{"0":"post-541","1":"product","2":"type-product","3":"status-publish","4":"has-post-thumbnail","6":"product_cat-silk-camisole-sets","7":"product_tag-16-momme-silk-camisole-set-rose","8":"product_tag-mulberry-silk-camisole-set-adjustable-strap","9":"product_tag-wholesale-silk-camisole-set-for-women","11":"first","12":"instock","13":"shipping-taxable","14":"purchasable","15":"product-type-simple"},"_links":{"self":[{"href":"https:\/\/silk-pajamas.com\/pt\/wp-json\/wp\/v2\/product\/541","targetHints":{"allow":["GET"]}}],"collection":[{"href":"https:\/\/silk-pajamas.com\/pt\/wp-json\/wp\/v2\/product"}],"about":[{"href":"https:\/\/silk-pajamas.com\/pt\/wp-json\/wp\/v2\/types\/product"}],"wp:featuredmedia":[{"embeddable":true,"href":"https:\/\/silk-pajamas.com\/pt\/wp-json\/wp\/v2\/media\/2540"}],"wp:attachment":[{"href":"https:\/\/silk-pajamas.com\/pt\/wp-json\/wp\/v2\/media?parent=541"}],"wp:term":[{"taxonomy":"product_brand","embeddable":true,"href":"https:\/\/silk-pajamas.com\/pt\/wp-json\/wp\/v2\/product_brand?post=541"},{"taxonomy":"product_cat","embeddable":true,"href":"https:\/\/silk-pajamas.com\/pt\/wp-json\/wp\/v2\/product_cat?post=541"},{"taxonomy":"product_tag","embeddable":true,"href":"https:\/\/silk-pajamas.com\/pt\/wp-json\/wp\/v2\/product_tag?post=541"}],"curies":[{"name":"wp","href":"https:\/\/api.w.org\/{rel}","templated":true}]}}