{"id":542,"date":"2026-04-12T15:43:01","date_gmt":"2026-04-12T15:43:01","guid":{"rendered":"https:\/\/silk-pajamas.com\/19-momme-charmeuse-silk-camisole-set-bias-cut-blush-factory\/"},"modified":"2026-05-09T10:08:33","modified_gmt":"2026-05-09T10:08:33","slug":"19-momme-charmeuse-silk-camisole-set-bias-cut-blush-factory","status":"publish","type":"product","link":"https:\/\/silk-pajamas.com\/pt\/19-momme-charmeuse-silk-camisole-set-bias-cut-blush-factory\/","title":{"rendered":"19 Momme Charmeuse Silk Camisole Set Bias Cut Blush Factory"},"content":{"rendered":"<p>Confeccionado em seda momme charmeuse 19, este conjunto de dormir de duas pe\u00e7as combina detalhes de corte enviesado com um brilho suave e um toque respir\u00e1vel. O acabamento blush confere-lhe um aspeto requintado, enquanto os tamanhos XS, S, M, L, XL ajudam a cobrir as principais necessidades. Adequado para mulheres e guarda-roupas de todas as esta\u00e7\u00f5es. Lavar \u00e0 m\u00e3o a frio ou utilizar um ciclo suave.<\/p>","protected":false},"excerpt":{"rendered":"<p>19 Conjunto de dormir de duas pe\u00e7as em seda Momme Charmeuse em Blush. Acabamento Bias Cut, toque respir\u00e1vel e gama de tamanhos XS, S, M, L, XL. Concebido para as mulheres.<\/p>","protected":false},"featured_media":2457,"template":"","meta":{"_gspb_post_css":""},"product_brand":[],"product_cat":[22],"product_tag":[70,71,69],"class_list":{"0":"post-542","1":"product","2":"type-product","3":"status-publish","4":"has-post-thumbnail","6":"product_cat-silk-camisole-sets","7":"product_tag-19-momme-silk-camisole-set-blush","8":"product_tag-charmeuse-silk-camisole-set-bias-cut","9":"product_tag-wholesale-silk-camisole-set-for-women","11":"first","12":"instock","13":"featured","14":"shipping-taxable","15":"purchasable","16":"product-type-simple"},"_links":{"self":[{"href":"https:\/\/silk-pajamas.com\/pt\/wp-json\/wp\/v2\/product\/542","targetHints":{"allow":["GET"]}}],"collection":[{"href":"https:\/\/silk-pajamas.com\/pt\/wp-json\/wp\/v2\/product"}],"about":[{"href":"https:\/\/silk-pajamas.com\/pt\/wp-json\/wp\/v2\/types\/product"}],"wp:featuredmedia":[{"embeddable":true,"href":"https:\/\/silk-pajamas.com\/pt\/wp-json\/wp\/v2\/media\/2457"}],"wp:attachment":[{"href":"https:\/\/silk-pajamas.com\/pt\/wp-json\/wp\/v2\/media?parent=542"}],"wp:term":[{"taxonomy":"product_brand","embeddable":true,"href":"https:\/\/silk-pajamas.com\/pt\/wp-json\/wp\/v2\/product_brand?post=542"},{"taxonomy":"product_cat","embeddable":true,"href":"https:\/\/silk-pajamas.com\/pt\/wp-json\/wp\/v2\/product_cat?post=542"},{"taxonomy":"product_tag","embeddable":true,"href":"https:\/\/silk-pajamas.com\/pt\/wp-json\/wp\/v2\/product_tag?post=542"}],"curies":[{"name":"wp","href":"https:\/\/api.w.org\/{rel}","templated":true}]}}