{"id":547,"date":"2026-04-12T15:43:01","date_gmt":"2026-04-12T15:43:01","guid":{"rendered":"https:\/\/silk-pajamas.com\/19-momme-crepe-silk-cami-shorts-set-lace-trim-emerald\/"},"modified":"2026-05-09T10:22:02","modified_gmt":"2026-05-09T10:22:02","slug":"19-momme-crepe-silk-cami-shorts-set-lace-trim-emerald","status":"publish","type":"product","link":"https:\/\/silk-pajamas.com\/pt\/19-momme-crepe-silk-cami-shorts-set-lace-trim-emerald\/","title":{"rendered":"19 Momme Crepe Seda Cami Shorts Set Lace Trim Esmeralda"},"content":{"rendered":"<p>Feito com crepe de seda de 19 momme, este conjunto de dormir de duas pe\u00e7as oferece um drapeado suave, um toque suave na pele e um movimento elegante. A constru\u00e7\u00e3o em renda e a cor esmeralda mant\u00eam o look polido para os guarda-roupas de noiva. Dispon\u00edvel em XL, XXL, 3XL, 4XL. Lavar \u00e0 m\u00e3o a frio ou utilizar um ciclo suave.<\/p>","protected":false},"excerpt":{"rendered":"<p>19 Conjunto de dormir de duas pe\u00e7as em seda Momme Crepe em esmeralda. Acabamento com renda, toque suave e gama de tamanhos XL, XXL, 3XL, 4XL. Concebido para o guarda-roupa das noivas.<\/p>","protected":false},"featured_media":2556,"template":"","meta":{"_gspb_post_css":""},"product_brand":[],"product_cat":[22],"product_tag":[78,79,80],"class_list":{"0":"post-547","1":"product","2":"type-product","3":"status-publish","4":"has-post-thumbnail","6":"product_cat-silk-camisole-sets","7":"product_tag-19-momme-silk-camisole-set-emerald","8":"product_tag-crepe-silk-camisole-set-lace-trim","9":"product_tag-supplier-silk-camisole-set-for-bridal-wardrobes","11":"first","12":"instock","13":"featured","14":"shipping-taxable","15":"purchasable","16":"product-type-simple"},"_links":{"self":[{"href":"https:\/\/silk-pajamas.com\/pt\/wp-json\/wp\/v2\/product\/547","targetHints":{"allow":["GET"]}}],"collection":[{"href":"https:\/\/silk-pajamas.com\/pt\/wp-json\/wp\/v2\/product"}],"about":[{"href":"https:\/\/silk-pajamas.com\/pt\/wp-json\/wp\/v2\/types\/product"}],"wp:featuredmedia":[{"embeddable":true,"href":"https:\/\/silk-pajamas.com\/pt\/wp-json\/wp\/v2\/media\/2556"}],"wp:attachment":[{"href":"https:\/\/silk-pajamas.com\/pt\/wp-json\/wp\/v2\/media?parent=547"}],"wp:term":[{"taxonomy":"product_brand","embeddable":true,"href":"https:\/\/silk-pajamas.com\/pt\/wp-json\/wp\/v2\/product_brand?post=547"},{"taxonomy":"product_cat","embeddable":true,"href":"https:\/\/silk-pajamas.com\/pt\/wp-json\/wp\/v2\/product_cat?post=547"},{"taxonomy":"product_tag","embeddable":true,"href":"https:\/\/silk-pajamas.com\/pt\/wp-json\/wp\/v2\/product_tag?post=547"}],"curies":[{"name":"wp","href":"https:\/\/api.w.org\/{rel}","templated":true}]}}