{"id":549,"date":"2026-04-12T15:43:01","date_gmt":"2026-04-12T15:43:01","guid":{"rendered":"https:\/\/silk-pajamas.com\/22-momme-charmeuse-silk-cami-set-adjustable-strap-sage\/"},"modified":"2026-05-09T10:25:15","modified_gmt":"2026-05-09T10:25:15","slug":"22-momme-charmeuse-silk-cami-set-adjustable-strap-sage","status":"publish","type":"product","link":"https:\/\/silk-pajamas.com\/pt\/22-momme-charmeuse-silk-cami-set-adjustable-strap-sage\/","title":{"rendered":"22 Momme Charmeuse Silk Cami Set Al\u00e7a ajust\u00e1vel Sage"},"content":{"rendered":"<p>Confeccionado em seda momme charmeuse 22, este conjunto de dormir de duas pe\u00e7as combina o pormenor das al\u00e7as ajust\u00e1veis com um brilho suave e um toque respir\u00e1vel. O acabamento em s\u00e1lvia confere-lhe um aspeto requintado, enquanto os tamanhos XL, XXL, 3XL, 4XL ajudam a cobrir as necessidades b\u00e1sicas. Adequado para roupeiros de noiva e roupeiros de primavera. Lavar \u00e0 m\u00e3o a frio ou utilizar um ciclo suave.<\/p>","protected":false},"excerpt":{"rendered":"<p>Conjunto de dormir de duas pe\u00e7as em seda 22 Momme Charmeuse em Sage. Acabamento com al\u00e7a ajust\u00e1vel, toque suave e gama de tamanhos XL, XXL, 3XL, 4XL. Concebido para o guarda-roupa das noivas.<\/p>","protected":false},"featured_media":2559,"template":"","meta":{"_gspb_post_css":""},"product_brand":[],"product_cat":[22],"product_tag":[83,84,85],"class_list":{"0":"post-549","1":"product","2":"type-product","3":"status-publish","4":"has-post-thumbnail","6":"product_cat-silk-camisole-sets","7":"product_tag-22-momme-silk-camisole-set-sage","8":"product_tag-charmeuse-silk-camisole-set-adjustable-strap","9":"product_tag-wholesale-silk-camisole-set-for-bridal-wardrobes","11":"first","12":"instock","13":"shipping-taxable","14":"purchasable","15":"product-type-simple"},"_links":{"self":[{"href":"https:\/\/silk-pajamas.com\/pt\/wp-json\/wp\/v2\/product\/549","targetHints":{"allow":["GET"]}}],"collection":[{"href":"https:\/\/silk-pajamas.com\/pt\/wp-json\/wp\/v2\/product"}],"about":[{"href":"https:\/\/silk-pajamas.com\/pt\/wp-json\/wp\/v2\/types\/product"}],"wp:featuredmedia":[{"embeddable":true,"href":"https:\/\/silk-pajamas.com\/pt\/wp-json\/wp\/v2\/media\/2559"}],"wp:attachment":[{"href":"https:\/\/silk-pajamas.com\/pt\/wp-json\/wp\/v2\/media?parent=549"}],"wp:term":[{"taxonomy":"product_brand","embeddable":true,"href":"https:\/\/silk-pajamas.com\/pt\/wp-json\/wp\/v2\/product_brand?post=549"},{"taxonomy":"product_cat","embeddable":true,"href":"https:\/\/silk-pajamas.com\/pt\/wp-json\/wp\/v2\/product_cat?post=549"},{"taxonomy":"product_tag","embeddable":true,"href":"https:\/\/silk-pajamas.com\/pt\/wp-json\/wp\/v2\/product_tag?post=549"}],"curies":[{"name":"wp","href":"https:\/\/api.w.org\/{rel}","templated":true}]}}