{"id":550,"date":"2026-04-12T15:43:02","date_gmt":"2026-04-12T15:43:02","guid":{"rendered":"https:\/\/silk-pajamas.com\/25-momme-sandwashed-silk-camisole-set-adjustable-strap-ivory\/"},"modified":"2026-05-09T09:47:29","modified_gmt":"2026-05-09T09:47:29","slug":"25-momme-sandwashed-silk-camisole-set-adjustable-strap-ivory","status":"publish","type":"product","link":"https:\/\/silk-pajamas.com\/pt\/25-momme-sandwashed-silk-camisole-set-adjustable-strap-ivory\/","title":{"rendered":"25 Momme Camisola de seda com barra de seda e al\u00e7a regul\u00e1vel Marfim"},"content":{"rendered":"<p>Fabricado com seda de 25 mm, este conjunto de dormir de duas pe\u00e7as oferece regula\u00e7\u00e3o t\u00e9rmica, toque suave na pele e movimento elegante. A constru\u00e7\u00e3o com al\u00e7as ajust\u00e1veis e a cor marfim mant\u00eam o look polido para vestir em resort. Dispon\u00edvel em S, M, L, XL. Lavar \u00e0 m\u00e3o a frio ou utilizar um ciclo suave.<\/p>","protected":false},"excerpt":{"rendered":"<p>25 Conjunto de dormir de duas pe\u00e7as em seda Momme Sandwashed em marfim. Acabamento com al\u00e7a ajust\u00e1vel, toque termo-regulador e gama de tamanhos S, M, L, XL. Concebido para vestir em est\u00e2ncias balneares.<\/p>","protected":false},"featured_media":2523,"template":"","meta":{"_gspb_post_css":""},"product_brand":[],"product_cat":[22],"product_tag":[74,66,86],"class_list":{"0":"post-550","1":"product","2":"type-product","3":"status-publish","4":"has-post-thumbnail","6":"product_cat-silk-camisole-sets","7":"product_tag-25-momme-silk-camisole-set-ivory","8":"product_tag-manufacturer-silk-camisole-set-for-resort-dressing","9":"product_tag-sandwashed-silk-camisole-set-adjustable-strap","11":"first","12":"instock","13":"shipping-taxable","14":"purchasable","15":"product-type-simple"},"_links":{"self":[{"href":"https:\/\/silk-pajamas.com\/pt\/wp-json\/wp\/v2\/product\/550","targetHints":{"allow":["GET"]}}],"collection":[{"href":"https:\/\/silk-pajamas.com\/pt\/wp-json\/wp\/v2\/product"}],"about":[{"href":"https:\/\/silk-pajamas.com\/pt\/wp-json\/wp\/v2\/types\/product"}],"wp:featuredmedia":[{"embeddable":true,"href":"https:\/\/silk-pajamas.com\/pt\/wp-json\/wp\/v2\/media\/2523"}],"wp:attachment":[{"href":"https:\/\/silk-pajamas.com\/pt\/wp-json\/wp\/v2\/media?parent=550"}],"wp:term":[{"taxonomy":"product_brand","embeddable":true,"href":"https:\/\/silk-pajamas.com\/pt\/wp-json\/wp\/v2\/product_brand?post=550"},{"taxonomy":"product_cat","embeddable":true,"href":"https:\/\/silk-pajamas.com\/pt\/wp-json\/wp\/v2\/product_cat?post=550"},{"taxonomy":"product_tag","embeddable":true,"href":"https:\/\/silk-pajamas.com\/pt\/wp-json\/wp\/v2\/product_tag?post=550"}],"curies":[{"name":"wp","href":"https:\/\/api.w.org\/{rel}","templated":true}]}}